{"id":7634,"date":"2025-08-06T20:15:43","date_gmt":"2025-08-06T17:15:43","guid":{"rendered":"https:\/\/tapv.org.tr\/?page_id=7634"},"modified":"2025-08-06T20:15:43","modified_gmt":"2025-08-06T17:15:43","slug":"about-us","status":"publish","type":"page","link":"https:\/\/www.tapv.org.tr\/en\/about-us\/","title":{"rendered":"About Us"},"content":{"rendered":"<div id=\"fws_69de28f9570ca\"  data-column-margin=\"default\" data-midnight=\"dark\" data-top-percent=\"4%\" data-bottom-percent=\"4%\"  class=\"wpb_row vc_row-fluid vc_row full-width-section  zindex-set\"  style=\"padding-top: calc(100vw * 0.04); padding-bottom: calc(100vw * 0.04);  z-index: 100;\"><div class=\"row-bg-wrap\" data-bg-animation=\"none\" data-bg-animation-delay=\"\" data-bg-overlay=\"false\"><div class=\"inner-wrap row-bg-layer\" ><div class=\"row-bg viewport-desktop\"  style=\"\"><\/div><\/div><\/div><div class=\"row_col_wrap_12 col span_12 dark left\">\n\t<div  class=\"vc_col-sm-12 wpb_column column_container vc_column_container col no-extra-padding inherit_tablet inherit_phone\"  data-padding-pos=\"all\" data-has-bg-color=\"false\" data-bg-color=\"\" data-bg-opacity=\"1\" data-animation=\"\" data-delay=\"0\" >\n\t\t<div class=\"vc_column-inner\" >\n\t\t\t<div class=\"wpb_wrapper\">\n\t\t\t\t<div id=\"fws_69de28f957462\" data-midnight=\"\" data-column-margin=\"90px\" class=\"wpb_row vc_row-fluid vc_row inner_row\"  style=\"padding-bottom: 5%; \"><div class=\"row-bg-wrap\"> <div class=\"row-bg\" ><\/div> <\/div><div class=\"row_col_wrap_12_inner col span_12  left\">\n\t<div  class=\"vc_col-sm-12 wpb_column column_container vc_column_container col child_column padding-2-percent inherit_tablet inherit_phone\"   data-padding-pos=\"right\" data-has-bg-color=\"false\" data-bg-color=\"\" data-bg-opacity=\"1\" data-animation=\"\" data-delay=\"0\" >\n\t\t<div class=\"vc_column-inner\" >\n\t\t<div class=\"wpb_wrapper\">\n\t\t\t\n<div class=\"wpb_text_column wpb_content_element\" >\n\t<h3>The Turkish Family Health and Planning Foundation (TAP Foundation) was established in 1985 to support maternal and child health and family planning services provided within the scope of preventive healthcare.<\/h3>\n<h4>TAP Foundation continues its work in the field of sexual and reproductive health with a rights-based approach grounded in gender equality. In this context, it carries out initiatives on sexuality education, safe motherhood, reproductive health risks, fertility regulation, sexual health, and sexually transmitted infections. The Foundation also collaborates with local governments to strengthen access to sexual and reproductive health services for vulnerable groups. ChatGPT\u2019ye sor<\/h4>\n<\/div>\n\n\n\n<div class=\"nectar-cta  alignment_tablet_default alignment_phone_default display_tablet_inherit display_phone_inherit\" data-color=\"default\" data-using-bg=\"false\" data-style=\"arrow-animation\" data-display=\"block\" data-alignment=\"left\" data-text-color=\"std\" style=\"margin-top: 15px;  --nectar-button-color: var(--nectar-default); --nectar-icon-gap: 10px; \"><h4><span class=\"link_wrap\" ><a  class=\"link_text\" role=\"button\" href=\"https:\/\/www.tapv.org.tr\/en\/hakkimizda\/tarihce\/\"><span class=\"text\">Tarih\u00e7e<\/span><svg class=\"next-arrow\" aria-hidden=\"true\" width=\"20px\" height=\"25px\" viewbox=\"0 0 50 80\" xml:space=\"preserve\">\n  <polyline stroke=\"#ffffff\" stroke-width=\"9\" fill=\"none\" stroke-linecap=\"round\" stroke-linejoin=\"round\" points=\"0, 0 45, 40 0, 80\"\/>\n  <\/svg>  <span aria-hidden=\"true\" class=\"line\" ><\/span> <\/a><\/span><\/h4><\/div>\n\t\t<\/div> \n\t<\/div>\n\t<\/div> \n<\/div><\/div><div id=\"fws_69de28f957884\" data-midnight=\"\" data-column-margin=\"90px\" class=\"wpb_row vc_row-fluid vc_row inner_row\"  style=\"padding-bottom: 5%; \"><div class=\"row-bg-wrap\"> <div class=\"row-bg\" ><\/div> <\/div><div class=\"row_col_wrap_12_inner col span_12  left\">\n\t<div  class=\"vc_col-sm-6 wpb_column column_container vc_column_container col child_column padding-2-percent inherit_tablet inherit_phone\"   data-padding-pos=\"right\" data-has-bg-color=\"false\" data-bg-color=\"\" data-bg-opacity=\"1\" data-animation=\"\" data-delay=\"0\" >\n\t\t<div class=\"vc_column-inner\" >\n\t\t<div class=\"wpb_wrapper\">\n\t\t\t\n<div class=\"wpb_text_column wpb_content_element\" >\n\t<h3>Our Vision<\/h3>\n<p>To contribute to an egalitarian and sustainable development process.<\/p>\n<\/div>\n\n\n\n\n\t\t<\/div> \n\t<\/div>\n\t<\/div> \n\n\t<div  class=\"vc_col-sm-6 wpb_column column_container vc_column_container col child_column padding-2-percent no-extra-padding_tablet no-extra-padding_phone\"   data-padding-pos=\"left\" data-has-bg-color=\"false\" data-bg-color=\"\" data-bg-opacity=\"1\" data-animation=\"\" data-delay=\"0\" >\n\t\t<div class=\"vc_column-inner\" >\n\t\t<div class=\"wpb_wrapper\">\n\t\t\t\n<div class=\"wpb_text_column wpb_content_element\" >\n\t<h3>Our Mission<\/h3>\n<p>To enhance the quality of life of individuals and to promote access to information for women and girls by working on the basis of gender equality.<\/p>\n<\/div>\n\n\n\n\n\t\t<\/div> \n\t<\/div>\n\t<\/div> \n<\/div><\/div>\n\t\t\t<\/div> \n\t\t<\/div>\n\t<\/div> \n<\/div><\/div>\n\t\t<div id=\"fws_69de28f957ce4\"  data-column-margin=\"default\" data-midnight=\"dark\" data-top-percent=\"2%\" data-bottom-percent=\"2%\"  class=\"wpb_row vc_row-fluid vc_row full-width-content has-row-bg-color vc_row-o-equal-height vc_row-flex vc_row-o-content-top  top_margin_4pct bottom_margin_8pct scale_desktop_1-02 rotate_desktop_2deg nectar-overflow-hidden\"  style=\"padding-top: calc(100vw * 0.02); padding-bottom: calc(100vw * 0.02); --row-bg-color: #43545f;\"><div class=\"row-bg-wrap\" data-bg-animation=\"none\" data-bg-animation-delay=\"\" data-bg-overlay=\"false\"><div class=\"inner-wrap row-bg-layer\" ><div class=\"row-bg viewport-desktop using-bg-color\"  style=\"background-color: #43545f; \"><\/div><\/div><div class=\"row-bg-overlay row-bg-layer\" style=\"\"><\/div><\/div><div class=\"row_col_wrap_12 col span_12 dark left\">\n\t<div  class=\"vc_col-sm-12 wpb_column column_container vc_column_container col no-extra-padding el_spacing_0px inherit_tablet inherit_phone\"  data-padding-pos=\"all\" data-has-bg-color=\"false\" data-bg-color=\"\" data-bg-opacity=\"1\" data-animation=\"\" data-delay=\"0\" data-scroll-animation=\"true\" data-scroll-animation-movement=\"transform_x\" data-scroll-animation-mobile=\"true\" data-scroll-animation-intensity=\"-2.5\" >\n\t\t<div class=\"vc_column-inner\" >\n\t\t\t<div class=\"wpb_wrapper\">\n\t\t\t\t<div class=\"nectar-scrolling-text font_size_5vw font_size_mobile_9vw custom_color text_space_medium\" data-style=\"default\" data-s-dir=\"ltr\" data-spacing=\"true\" data-outline-thickness=\"thin\" data-s-speed=\"slow\" data-overflow=\"visible\" ><div class=\"nectar-scrolling-text-inner\" style=\"color: #ffffff;\"><div class=\"nectar-scrolling-text-inner__text-chunk\">\n<h2>Strengthens Social Bonds<\/h2>\n<\/div><div class=\"nectar-scrolling-text-inner__text-chunk\">\n<h2 aria-hidden=\"true\">Strengthens Social Bonds<\/h2>\n<\/div><div class=\"nectar-scrolling-text-inner__text-chunk\">\n<h2 aria-hidden=\"true\">Strengthens Social Bonds<\/h2>\n<\/div><div class=\"nectar-scrolling-text-inner__text-chunk\">\n<h2 aria-hidden=\"true\">Strengthens Social Bonds<\/h2>\n<\/div><div class=\"nectar-scrolling-text-inner__text-chunk\">\n<h2 aria-hidden=\"true\">Strengthens Social Bonds<\/h2>\n<\/div><\/div><\/div>\n\t\t\t<\/div> \n\t\t<\/div>\n\t<\/div> \n<\/div><\/div>","protected":false},"excerpt":{"rendered":"The Turkish Family Health and Planning Foundation (TAP Foundation) was established in 1985 to support maternal and child health and family planning services provided within the scope of preventive healthcare....","protected":false},"author":1,"featured_media":6551,"parent":0,"menu_order":0,"comment_status":"closed","ping_status":"closed","template":"","meta":{"footnotes":""},"categories":[],"tags":[],"class_list":["post-7634","page","type-page","status-publish","has-post-thumbnail"],"yoast_head":"<!-- This site is optimized with the Yoast SEO plugin v27.3 - https:\/\/yoast.com\/product\/yoast-seo-wordpress\/ -->\n<title>About Us - Turkish Family Health and Planning Foundation<\/title>\n<meta name=\"robots\" content=\"index, follow, max-snippet:-1, max-image-preview:large, max-video-preview:-1\" \/>\n<link rel=\"canonical\" href=\"https:\/\/www.tapv.org.tr\/en\/about-us\/\" \/>\n<meta property=\"og:locale\" content=\"en_GB\" \/>\n<meta property=\"og:type\" content=\"article\" \/>\n<meta property=\"og:title\" content=\"About Us - Turkish Family Health and Planning Foundation\" \/>\n<meta property=\"og:url\" content=\"https:\/\/www.tapv.org.tr\/en\/about-us\/\" \/>\n<meta property=\"og:site_name\" content=\"Turkish Family Health and Planning Foundation\" \/>\n<meta property=\"article:publisher\" content=\"https:\/\/www.facebook.com\/tapvakfi\" \/>\n<meta property=\"og:image\" content=\"https:\/\/www.tapv.org.tr\/wp-content\/uploads\/2024\/08\/haber-gorsel.jpg\" \/>\n\t<meta property=\"og:image:width\" content=\"1600\" \/>\n\t<meta property=\"og:image:height\" content=\"900\" \/>\n\t<meta property=\"og:image:type\" content=\"image\/jpeg\" \/>\n<meta name=\"twitter:card\" content=\"summary_large_image\" \/>\n<meta name=\"twitter:site\" content=\"@tapvakfi\" \/>\n<script type=\"application\/ld+json\" class=\"yoast-schema-graph\">{\"@context\":\"https:\\\/\\\/schema.org\",\"@graph\":[{\"@type\":\"WebPage\",\"@id\":\"https:\\\/\\\/www.tapv.org.tr\\\/en\\\/about-us\\\/\",\"url\":\"https:\\\/\\\/www.tapv.org.tr\\\/en\\\/about-us\\\/\",\"name\":\"About Us - Turkish Family Health and Planning Foundation\",\"isPartOf\":{\"@id\":\"https:\\\/\\\/www.tapv.org.tr\\\/en\\\/#website\"},\"primaryImageOfPage\":{\"@id\":\"https:\\\/\\\/www.tapv.org.tr\\\/en\\\/about-us\\\/#primaryimage\"},\"image\":{\"@id\":\"https:\\\/\\\/www.tapv.org.tr\\\/en\\\/about-us\\\/#primaryimage\"},\"thumbnailUrl\":\"https:\\\/\\\/www.tapv.org.tr\\\/wp-content\\\/uploads\\\/2024\\\/08\\\/haber-gorsel.jpg\",\"datePublished\":\"2025-08-06T17:15:43+00:00\",\"breadcrumb\":{\"@id\":\"https:\\\/\\\/www.tapv.org.tr\\\/en\\\/about-us\\\/#breadcrumb\"},\"inLanguage\":\"en-GB\",\"potentialAction\":[{\"@type\":\"ReadAction\",\"target\":[\"https:\\\/\\\/www.tapv.org.tr\\\/en\\\/about-us\\\/\"]}]},{\"@type\":\"ImageObject\",\"inLanguage\":\"en-GB\",\"@id\":\"https:\\\/\\\/www.tapv.org.tr\\\/en\\\/about-us\\\/#primaryimage\",\"url\":\"https:\\\/\\\/www.tapv.org.tr\\\/wp-content\\\/uploads\\\/2024\\\/08\\\/haber-gorsel.jpg\",\"contentUrl\":\"https:\\\/\\\/www.tapv.org.tr\\\/wp-content\\\/uploads\\\/2024\\\/08\\\/haber-gorsel.jpg\",\"width\":1600,\"height\":900},{\"@type\":\"BreadcrumbList\",\"@id\":\"https:\\\/\\\/www.tapv.org.tr\\\/en\\\/about-us\\\/#breadcrumb\",\"itemListElement\":[{\"@type\":\"ListItem\",\"position\":1,\"name\":\"Ana sayfa\",\"item\":\"https:\\\/\\\/www.tapv.org.tr\\\/en\\\/home\\\/\"},{\"@type\":\"ListItem\",\"position\":2,\"name\":\"About Us\"}]},{\"@type\":\"WebSite\",\"@id\":\"https:\\\/\\\/www.tapv.org.tr\\\/en\\\/#website\",\"url\":\"https:\\\/\\\/www.tapv.org.tr\\\/en\\\/\",\"name\":\"TAP Vakf\u0131 | T\u00fcrkiye Aile Sa\u011fl\u0131\u011f\u0131 ve Planlamas\u0131 Vakf\u0131\",\"description\":\"\",\"alternateName\":\"TAP Vakf\u0131\",\"potentialAction\":[{\"@type\":\"SearchAction\",\"target\":{\"@type\":\"EntryPoint\",\"urlTemplate\":\"https:\\\/\\\/www.tapv.org.tr\\\/en\\\/?s={search_term_string}\"},\"query-input\":{\"@type\":\"PropertyValueSpecification\",\"valueRequired\":true,\"valueName\":\"search_term_string\"}}],\"inLanguage\":\"en-GB\"}]}<\/script>\n<!-- \/ Yoast SEO plugin. -->","yoast_head_json":{"title":"About Us - Turkish Family Health and Planning Foundation","robots":{"index":"index","follow":"follow","max-snippet":"max-snippet:-1","max-image-preview":"max-image-preview:large","max-video-preview":"max-video-preview:-1"},"canonical":"https:\/\/www.tapv.org.tr\/en\/about-us\/","og_locale":"en_GB","og_type":"article","og_title":"About Us - Turkish Family Health and Planning Foundation","og_url":"https:\/\/www.tapv.org.tr\/en\/about-us\/","og_site_name":"Turkish Family Health and Planning Foundation","article_publisher":"https:\/\/www.facebook.com\/tapvakfi","og_image":[{"width":1600,"height":900,"url":"https:\/\/www.tapv.org.tr\/wp-content\/uploads\/2024\/08\/haber-gorsel.jpg","type":"image\/jpeg"}],"twitter_card":"summary_large_image","twitter_site":"@tapvakfi","schema":{"@context":"https:\/\/schema.org","@graph":[{"@type":"WebPage","@id":"https:\/\/www.tapv.org.tr\/en\/about-us\/","url":"https:\/\/www.tapv.org.tr\/en\/about-us\/","name":"About Us - Turkish Family Health and Planning Foundation","isPartOf":{"@id":"https:\/\/www.tapv.org.tr\/en\/#website"},"primaryImageOfPage":{"@id":"https:\/\/www.tapv.org.tr\/en\/about-us\/#primaryimage"},"image":{"@id":"https:\/\/www.tapv.org.tr\/en\/about-us\/#primaryimage"},"thumbnailUrl":"https:\/\/www.tapv.org.tr\/wp-content\/uploads\/2024\/08\/haber-gorsel.jpg","datePublished":"2025-08-06T17:15:43+00:00","breadcrumb":{"@id":"https:\/\/www.tapv.org.tr\/en\/about-us\/#breadcrumb"},"inLanguage":"en-GB","potentialAction":[{"@type":"ReadAction","target":["https:\/\/www.tapv.org.tr\/en\/about-us\/"]}]},{"@type":"ImageObject","inLanguage":"en-GB","@id":"https:\/\/www.tapv.org.tr\/en\/about-us\/#primaryimage","url":"https:\/\/www.tapv.org.tr\/wp-content\/uploads\/2024\/08\/haber-gorsel.jpg","contentUrl":"https:\/\/www.tapv.org.tr\/wp-content\/uploads\/2024\/08\/haber-gorsel.jpg","width":1600,"height":900},{"@type":"BreadcrumbList","@id":"https:\/\/www.tapv.org.tr\/en\/about-us\/#breadcrumb","itemListElement":[{"@type":"ListItem","position":1,"name":"Ana sayfa","item":"https:\/\/www.tapv.org.tr\/en\/home\/"},{"@type":"ListItem","position":2,"name":"About Us"}]},{"@type":"WebSite","@id":"https:\/\/www.tapv.org.tr\/en\/#website","url":"https:\/\/www.tapv.org.tr\/en\/","name":"TAP Vakf\u0131 | T\u00fcrkiye Aile Sa\u011fl\u0131\u011f\u0131 ve Planlamas\u0131 Vakf\u0131","description":"","alternateName":"TAP Vakf\u0131","potentialAction":[{"@type":"SearchAction","target":{"@type":"EntryPoint","urlTemplate":"https:\/\/www.tapv.org.tr\/en\/?s={search_term_string}"},"query-input":{"@type":"PropertyValueSpecification","valueRequired":true,"valueName":"search_term_string"}}],"inLanguage":"en-GB"}]}},"_links":{"self":[{"href":"https:\/\/www.tapv.org.tr\/en\/wp-json\/wp\/v2\/pages\/7634","targetHints":{"allow":["GET"]}}],"collection":[{"href":"https:\/\/www.tapv.org.tr\/en\/wp-json\/wp\/v2\/pages"}],"about":[{"href":"https:\/\/www.tapv.org.tr\/en\/wp-json\/wp\/v2\/types\/page"}],"author":[{"embeddable":true,"href":"https:\/\/www.tapv.org.tr\/en\/wp-json\/wp\/v2\/users\/1"}],"replies":[{"embeddable":true,"href":"https:\/\/www.tapv.org.tr\/en\/wp-json\/wp\/v2\/comments?post=7634"}],"version-history":[{"count":1,"href":"https:\/\/www.tapv.org.tr\/en\/wp-json\/wp\/v2\/pages\/7634\/revisions"}],"predecessor-version":[{"id":7635,"href":"https:\/\/www.tapv.org.tr\/en\/wp-json\/wp\/v2\/pages\/7634\/revisions\/7635"}],"wp:featuredmedia":[{"embeddable":true,"href":"https:\/\/www.tapv.org.tr\/en\/wp-json\/wp\/v2\/media\/6551"}],"wp:attachment":[{"href":"https:\/\/www.tapv.org.tr\/en\/wp-json\/wp\/v2\/media?parent=7634"}],"wp:term":[{"taxonomy":"category","embeddable":true,"href":"https:\/\/www.tapv.org.tr\/en\/wp-json\/wp\/v2\/categories?post=7634"},{"taxonomy":"post_tag","embeddable":true,"href":"https:\/\/www.tapv.org.tr\/en\/wp-json\/wp\/v2\/tags?post=7634"}],"curies":[{"name":"wp","href":"https:\/\/api.w.org\/{rel}","templated":true}]}}