{"id":7640,"date":"2025-08-06T20:20:09","date_gmt":"2025-08-06T17:20:09","guid":{"rendered":"https:\/\/tapv.org.tr\/?page_id=7640"},"modified":"2025-08-06T20:20:09","modified_gmt":"2025-08-06T17:20:09","slug":"our-supporters","status":"publish","type":"page","link":"https:\/\/www.tapv.org.tr\/en\/about-us\/our-supporters\/","title":{"rendered":"Our Supporters"},"content":{"rendered":"<div id=\"fws_69df2305396bb\"  data-column-margin=\"default\" data-midnight=\"dark\"  class=\"wpb_row vc_row-fluid vc_row\"  style=\"padding-top: 0px; padding-bottom: 0px; \"><div class=\"row-bg-wrap\" data-bg-animation=\"none\" data-bg-animation-delay=\"\" data-bg-overlay=\"false\"><div class=\"inner-wrap row-bg-layer\" ><div class=\"row-bg viewport-desktop\"  style=\"\"><\/div><\/div><\/div><div class=\"row_col_wrap_12 col span_12 dark left\">\n\t<div  class=\"vc_col-sm-2 wpb_column column_container vc_column_container col no-extra-padding inherit_tablet inherit_phone\"  data-padding-pos=\"all\" data-has-bg-color=\"false\" data-bg-color=\"\" data-bg-opacity=\"1\" data-animation=\"\" data-delay=\"0\" >\n\t\t<div class=\"vc_column-inner\" >\n\t\t\t<div class=\"wpb_wrapper\">\n\t\t\t\t\n\t\t\t<\/div> \n\t\t<\/div>\n\t<\/div> \n\n\t<div  class=\"vc_col-sm-8 wpb_column column_container vc_column_container col no-extra-padding inherit_tablet inherit_phone\"  data-padding-pos=\"all\" data-has-bg-color=\"false\" data-bg-color=\"\" data-bg-opacity=\"1\" data-animation=\"\" data-delay=\"0\" >\n\t\t<div class=\"vc_column-inner\" >\n\t\t\t<div class=\"wpb_wrapper\">\n\t\t\t\t\n<div class=\"wpb_text_column wpb_content_element\" >\n\t<p data-start=\"0\" data-end=\"68\"><strong data-start=\"0\" data-end=\"68\">Organizations Providing Financial Support to Our Work Since 2010<\/strong><\/p>\n<ul data-start=\"70\" data-end=\"1050\" data-is-last-node=\"\" data-is-only-node=\"\">\n<li data-start=\"70\" data-end=\"112\">\n<p data-start=\"72\" data-end=\"112\">United Nations Population Fund (UNFPA)<\/p>\n<\/li>\n<li data-start=\"113\" data-end=\"198\">\n<p data-start=\"115\" data-end=\"198\">United Nations Entity for Gender Equality and the Empowerment of Women (UN Women)<\/p>\n<\/li>\n<li data-start=\"199\" data-end=\"217\">\n<p data-start=\"201\" data-end=\"217\">European Union<\/p>\n<\/li>\n<li data-start=\"218\" data-end=\"283\">\n<p data-start=\"220\" data-end=\"283\">Embassy of the Netherlands \u2013 Matra and Human Rights Programme<\/p>\n<\/li>\n<li data-start=\"284\" data-end=\"315\">\n<p data-start=\"286\" data-end=\"315\">Consulate General of Sweden<\/p>\n<\/li>\n<li data-start=\"316\" data-end=\"356\">\n<p data-start=\"318\" data-end=\"356\">Consulate General of the Netherlands<\/p>\n<\/li>\n<li data-start=\"357\" data-end=\"422\">\n<p data-start=\"359\" data-end=\"422\">Deutsche Gesellschaft f\u00fcr Internationale Zusammenarbeit (GIZ)<\/p>\n<\/li>\n<li data-start=\"423\" data-end=\"444\">\n<p data-start=\"425\" data-end=\"444\">DVV International<\/p>\n<\/li>\n<li data-start=\"445\" data-end=\"463\">\n<p data-start=\"447\" data-end=\"463\">The World Bank<\/p>\n<\/li>\n<li data-start=\"464\" data-end=\"481\">\n<p data-start=\"466\" data-end=\"481\">Direct Relief<\/p>\n<\/li>\n<li data-start=\"482\" data-end=\"512\">\n<p data-start=\"484\" data-end=\"512\">Turkish Philanthropy Funds<\/p>\n<\/li>\n<li data-start=\"513\" data-end=\"541\">\n<p data-start=\"515\" data-end=\"541\">Turkey Mozaik Foundation<\/p>\n<\/li>\n<li data-start=\"542\" data-end=\"566\">\n<p data-start=\"544\" data-end=\"566\">Vehbi Ko\u00e7 Foundation<\/p>\n<\/li>\n<li data-start=\"567\" data-end=\"593\">\n<p data-start=\"569\" data-end=\"593\">Ayd\u0131n Do\u011fan Foundation<\/p>\n<\/li>\n<li data-start=\"594\" data-end=\"634\">\n<p data-start=\"596\" data-end=\"634\">Support Foundation for Civil Society<\/p>\n<\/li>\n<li data-start=\"635\" data-end=\"664\">\n<p data-start=\"637\" data-end=\"664\">MESS Education Foundation<\/p>\n<\/li>\n<li data-start=\"665\" data-end=\"689\">\n<p data-start=\"667\" data-end=\"689\">Etkiniz EU Programme<\/p>\n<\/li>\n<li data-start=\"690\" data-end=\"705\">\n<p data-start=\"692\" data-end=\"705\">Sivil D\u00fc\u015f\u00fcn<\/p>\n<\/li>\n<li data-start=\"706\" data-end=\"729\">\n<p data-start=\"708\" data-end=\"729\">Merck Sharp &amp; Dohme<\/p>\n<\/li>\n<li data-start=\"730\" data-end=\"755\">\n<p data-start=\"732\" data-end=\"755\">Gilead Sciences, Inc.<\/p>\n<\/li>\n<li data-start=\"756\" data-end=\"788\">\n<p data-start=\"758\" data-end=\"788\">Eczac\u0131ba\u015f\u0131 Consumer Products<\/p>\n<\/li>\n<li data-start=\"789\" data-end=\"823\">\n<p data-start=\"791\" data-end=\"823\">Be\u015fikta\u015f Cultural Center (BKM)<\/p>\n<\/li>\n<li data-start=\"824\" data-end=\"859\">\n<p data-start=\"826\" data-end=\"859\">Boyner Group \u2013 Bulu\u015fum Platform<\/p>\n<\/li>\n<li data-start=\"860\" data-end=\"913\">\n<p data-start=\"862\" data-end=\"913\">Ko\u00e7 Holding \u2013 \u00dclkem \u0130\u00e7in (For My Country) Program<\/p>\n<\/li>\n<li data-start=\"914\" data-end=\"923\">\n<p data-start=\"916\" data-end=\"923\">Aygaz<\/p>\n<\/li>\n<li data-start=\"924\" data-end=\"965\">\n<p data-start=\"926\" data-end=\"965\">Tofa\u015f Turkish Automobile Factory Inc.<\/p>\n<\/li>\n<li data-start=\"966\" data-end=\"987\">\n<p data-start=\"968\" data-end=\"987\">T\u00fcrk Trakt\u00f6r Inc.<\/p>\n<\/li>\n<li data-start=\"988\" data-end=\"1003\">\n<p data-start=\"990\" data-end=\"1003\">T\u00fcpra\u015f Inc.<\/p>\n<\/li>\n<li data-start=\"1004\" data-end=\"1025\">\n<p data-start=\"1006\" data-end=\"1025\">Demir Export Inc.<\/p>\n<\/li>\n<li data-start=\"1026\" data-end=\"1050\" data-is-last-node=\"\">\n<p data-start=\"1028\" data-end=\"1050\" data-is-last-node=\"\">RAM Foreign Trade Inc.<\/p>\n<\/li>\n<\/ul>\n<\/div>\n\n\n\n\n\t\t\t<\/div> \n\t\t<\/div>\n\t<\/div> \n\n\t<div  class=\"vc_col-sm-2 wpb_column column_container vc_column_container col no-extra-padding inherit_tablet inherit_phone\"  data-padding-pos=\"all\" data-has-bg-color=\"false\" data-bg-color=\"\" data-bg-opacity=\"1\" data-animation=\"\" data-delay=\"0\" >\n\t\t<div class=\"vc_column-inner\" >\n\t\t\t<div class=\"wpb_wrapper\">\n\t\t\t\t\n\t\t\t<\/div> \n\t\t<\/div>\n\t<\/div> \n<\/div><\/div>","protected":false},"excerpt":{"rendered":"Organizations Providing Financial Support to Our Work Since 2010 United Nations Population Fund (UNFPA) United Nations Entity for Gender Equality and the Empowerment of Women (UN Women) European Union Embassy...","protected":false},"author":1,"featured_media":6551,"parent":7634,"menu_order":2,"comment_status":"closed","ping_status":"closed","template":"","meta":{"footnotes":""},"categories":[],"tags":[],"class_list":["post-7640","page","type-page","status-publish","has-post-thumbnail"],"yoast_head":"<!-- This site is optimized with the Yoast SEO plugin v27.4 - https:\/\/yoast.com\/product\/yoast-seo-wordpress\/ -->\n<title>Our Supporters - Turkish Family Health and Planning Foundation<\/title>\n<meta name=\"robots\" content=\"index, follow, max-snippet:-1, max-image-preview:large, max-video-preview:-1\" \/>\n<link rel=\"canonical\" href=\"https:\/\/www.tapv.org.tr\/en\/about-us\/our-supporters\/\" \/>\n<meta property=\"og:locale\" content=\"en_GB\" \/>\n<meta property=\"og:type\" content=\"article\" \/>\n<meta property=\"og:title\" content=\"Our Supporters - Turkish Family Health and Planning Foundation\" \/>\n<meta property=\"og:url\" content=\"https:\/\/www.tapv.org.tr\/en\/about-us\/our-supporters\/\" \/>\n<meta property=\"og:site_name\" content=\"Turkish Family Health and Planning Foundation\" \/>\n<meta property=\"article:publisher\" content=\"https:\/\/www.facebook.com\/tapvakfi\" \/>\n<meta property=\"og:image\" content=\"https:\/\/www.tapv.org.tr\/wp-content\/uploads\/2024\/08\/haber-gorsel.jpg\" \/>\n\t<meta property=\"og:image:width\" content=\"1600\" \/>\n\t<meta property=\"og:image:height\" content=\"900\" \/>\n\t<meta property=\"og:image:type\" content=\"image\/jpeg\" \/>\n<meta name=\"twitter:card\" content=\"summary_large_image\" \/>\n<meta name=\"twitter:site\" content=\"@tapvakfi\" \/>\n<script type=\"application\/ld+json\" class=\"yoast-schema-graph\">{\"@context\":\"https:\\\/\\\/schema.org\",\"@graph\":[{\"@type\":\"WebPage\",\"@id\":\"https:\\\/\\\/www.tapv.org.tr\\\/en\\\/about-us\\\/our-supporters\\\/\",\"url\":\"https:\\\/\\\/www.tapv.org.tr\\\/en\\\/about-us\\\/our-supporters\\\/\",\"name\":\"Our Supporters - Turkish Family Health and Planning Foundation\",\"isPartOf\":{\"@id\":\"https:\\\/\\\/www.tapv.org.tr\\\/en\\\/#website\"},\"primaryImageOfPage\":{\"@id\":\"https:\\\/\\\/www.tapv.org.tr\\\/en\\\/about-us\\\/our-supporters\\\/#primaryimage\"},\"image\":{\"@id\":\"https:\\\/\\\/www.tapv.org.tr\\\/en\\\/about-us\\\/our-supporters\\\/#primaryimage\"},\"thumbnailUrl\":\"https:\\\/\\\/www.tapv.org.tr\\\/wp-content\\\/uploads\\\/2024\\\/08\\\/haber-gorsel.jpg\",\"datePublished\":\"2025-08-06T17:20:09+00:00\",\"breadcrumb\":{\"@id\":\"https:\\\/\\\/www.tapv.org.tr\\\/en\\\/about-us\\\/our-supporters\\\/#breadcrumb\"},\"inLanguage\":\"en-GB\",\"potentialAction\":[{\"@type\":\"ReadAction\",\"target\":[\"https:\\\/\\\/www.tapv.org.tr\\\/en\\\/about-us\\\/our-supporters\\\/\"]}]},{\"@type\":\"ImageObject\",\"inLanguage\":\"en-GB\",\"@id\":\"https:\\\/\\\/www.tapv.org.tr\\\/en\\\/about-us\\\/our-supporters\\\/#primaryimage\",\"url\":\"https:\\\/\\\/www.tapv.org.tr\\\/wp-content\\\/uploads\\\/2024\\\/08\\\/haber-gorsel.jpg\",\"contentUrl\":\"https:\\\/\\\/www.tapv.org.tr\\\/wp-content\\\/uploads\\\/2024\\\/08\\\/haber-gorsel.jpg\",\"width\":1600,\"height\":900},{\"@type\":\"BreadcrumbList\",\"@id\":\"https:\\\/\\\/www.tapv.org.tr\\\/en\\\/about-us\\\/our-supporters\\\/#breadcrumb\",\"itemListElement\":[{\"@type\":\"ListItem\",\"position\":1,\"name\":\"Ana sayfa\",\"item\":\"https:\\\/\\\/www.tapv.org.tr\\\/en\\\/home\\\/\"},{\"@type\":\"ListItem\",\"position\":2,\"name\":\"About Us\",\"item\":\"https:\\\/\\\/www.tapv.org.tr\\\/en\\\/about-us\\\/\"},{\"@type\":\"ListItem\",\"position\":3,\"name\":\"Our Supporters\"}]},{\"@type\":\"WebSite\",\"@id\":\"https:\\\/\\\/www.tapv.org.tr\\\/en\\\/#website\",\"url\":\"https:\\\/\\\/www.tapv.org.tr\\\/en\\\/\",\"name\":\"TAP Vakf\u0131 | T\u00fcrkiye Aile Sa\u011fl\u0131\u011f\u0131 ve Planlamas\u0131 Vakf\u0131\",\"description\":\"\",\"alternateName\":\"TAP Vakf\u0131\",\"potentialAction\":[{\"@type\":\"SearchAction\",\"target\":{\"@type\":\"EntryPoint\",\"urlTemplate\":\"https:\\\/\\\/www.tapv.org.tr\\\/en\\\/?s={search_term_string}\"},\"query-input\":{\"@type\":\"PropertyValueSpecification\",\"valueRequired\":true,\"valueName\":\"search_term_string\"}}],\"inLanguage\":\"en-GB\"}]}<\/script>\n<!-- \/ Yoast SEO plugin. -->","yoast_head_json":{"title":"Our Supporters - Turkish Family Health and Planning Foundation","robots":{"index":"index","follow":"follow","max-snippet":"max-snippet:-1","max-image-preview":"max-image-preview:large","max-video-preview":"max-video-preview:-1"},"canonical":"https:\/\/www.tapv.org.tr\/en\/about-us\/our-supporters\/","og_locale":"en_GB","og_type":"article","og_title":"Our Supporters - Turkish Family Health and Planning Foundation","og_url":"https:\/\/www.tapv.org.tr\/en\/about-us\/our-supporters\/","og_site_name":"Turkish Family Health and Planning Foundation","article_publisher":"https:\/\/www.facebook.com\/tapvakfi","og_image":[{"width":1600,"height":900,"url":"https:\/\/www.tapv.org.tr\/wp-content\/uploads\/2024\/08\/haber-gorsel.jpg","type":"image\/jpeg"}],"twitter_card":"summary_large_image","twitter_site":"@tapvakfi","schema":{"@context":"https:\/\/schema.org","@graph":[{"@type":"WebPage","@id":"https:\/\/www.tapv.org.tr\/en\/about-us\/our-supporters\/","url":"https:\/\/www.tapv.org.tr\/en\/about-us\/our-supporters\/","name":"Our Supporters - Turkish Family Health and Planning Foundation","isPartOf":{"@id":"https:\/\/www.tapv.org.tr\/en\/#website"},"primaryImageOfPage":{"@id":"https:\/\/www.tapv.org.tr\/en\/about-us\/our-supporters\/#primaryimage"},"image":{"@id":"https:\/\/www.tapv.org.tr\/en\/about-us\/our-supporters\/#primaryimage"},"thumbnailUrl":"https:\/\/www.tapv.org.tr\/wp-content\/uploads\/2024\/08\/haber-gorsel.jpg","datePublished":"2025-08-06T17:20:09+00:00","breadcrumb":{"@id":"https:\/\/www.tapv.org.tr\/en\/about-us\/our-supporters\/#breadcrumb"},"inLanguage":"en-GB","potentialAction":[{"@type":"ReadAction","target":["https:\/\/www.tapv.org.tr\/en\/about-us\/our-supporters\/"]}]},{"@type":"ImageObject","inLanguage":"en-GB","@id":"https:\/\/www.tapv.org.tr\/en\/about-us\/our-supporters\/#primaryimage","url":"https:\/\/www.tapv.org.tr\/wp-content\/uploads\/2024\/08\/haber-gorsel.jpg","contentUrl":"https:\/\/www.tapv.org.tr\/wp-content\/uploads\/2024\/08\/haber-gorsel.jpg","width":1600,"height":900},{"@type":"BreadcrumbList","@id":"https:\/\/www.tapv.org.tr\/en\/about-us\/our-supporters\/#breadcrumb","itemListElement":[{"@type":"ListItem","position":1,"name":"Ana sayfa","item":"https:\/\/www.tapv.org.tr\/en\/home\/"},{"@type":"ListItem","position":2,"name":"About Us","item":"https:\/\/www.tapv.org.tr\/en\/about-us\/"},{"@type":"ListItem","position":3,"name":"Our Supporters"}]},{"@type":"WebSite","@id":"https:\/\/www.tapv.org.tr\/en\/#website","url":"https:\/\/www.tapv.org.tr\/en\/","name":"TAP Vakf\u0131 | T\u00fcrkiye Aile Sa\u011fl\u0131\u011f\u0131 ve Planlamas\u0131 Vakf\u0131","description":"","alternateName":"TAP Vakf\u0131","potentialAction":[{"@type":"SearchAction","target":{"@type":"EntryPoint","urlTemplate":"https:\/\/www.tapv.org.tr\/en\/?s={search_term_string}"},"query-input":{"@type":"PropertyValueSpecification","valueRequired":true,"valueName":"search_term_string"}}],"inLanguage":"en-GB"}]}},"_links":{"self":[{"href":"https:\/\/www.tapv.org.tr\/en\/wp-json\/wp\/v2\/pages\/7640","targetHints":{"allow":["GET"]}}],"collection":[{"href":"https:\/\/www.tapv.org.tr\/en\/wp-json\/wp\/v2\/pages"}],"about":[{"href":"https:\/\/www.tapv.org.tr\/en\/wp-json\/wp\/v2\/types\/page"}],"author":[{"embeddable":true,"href":"https:\/\/www.tapv.org.tr\/en\/wp-json\/wp\/v2\/users\/1"}],"replies":[{"embeddable":true,"href":"https:\/\/www.tapv.org.tr\/en\/wp-json\/wp\/v2\/comments?post=7640"}],"version-history":[{"count":1,"href":"https:\/\/www.tapv.org.tr\/en\/wp-json\/wp\/v2\/pages\/7640\/revisions"}],"predecessor-version":[{"id":7641,"href":"https:\/\/www.tapv.org.tr\/en\/wp-json\/wp\/v2\/pages\/7640\/revisions\/7641"}],"up":[{"embeddable":true,"href":"https:\/\/www.tapv.org.tr\/en\/wp-json\/wp\/v2\/pages\/7634"}],"wp:featuredmedia":[{"embeddable":true,"href":"https:\/\/www.tapv.org.tr\/en\/wp-json\/wp\/v2\/media\/6551"}],"wp:attachment":[{"href":"https:\/\/www.tapv.org.tr\/en\/wp-json\/wp\/v2\/media?parent=7640"}],"wp:term":[{"taxonomy":"category","embeddable":true,"href":"https:\/\/www.tapv.org.tr\/en\/wp-json\/wp\/v2\/categories?post=7640"},{"taxonomy":"post_tag","embeddable":true,"href":"https:\/\/www.tapv.org.tr\/en\/wp-json\/wp\/v2\/tags?post=7640"}],"curies":[{"name":"wp","href":"https:\/\/api.w.org\/{rel}","templated":true}]}}