{"id":7642,"date":"2025-08-06T20:22:53","date_gmt":"2025-08-06T17:22:53","guid":{"rendered":"https:\/\/tapv.org.tr\/?page_id=7642"},"modified":"2025-08-06T20:22:53","modified_gmt":"2025-08-06T17:22:53","slug":"governance","status":"publish","type":"page","link":"https:\/\/www.tapv.org.tr\/en\/about-us\/governance\/","title":{"rendered":"Governance"},"content":{"rendered":"<div id=\"fws_69df0c5b6bb03\"  data-column-margin=\"default\" data-midnight=\"dark\"  class=\"wpb_row vc_row-fluid vc_row\"  style=\"padding-top: 0px; padding-bottom: 0px; \"><div class=\"row-bg-wrap\" data-bg-animation=\"none\" data-bg-animation-delay=\"\" data-bg-overlay=\"false\"><div class=\"inner-wrap row-bg-layer\" ><div class=\"row-bg viewport-desktop\"  style=\"\"><\/div><\/div><\/div><div class=\"row_col_wrap_12 col span_12 dark left\">\n\t<div  class=\"vc_col-sm-6 wpb_column column_container vc_column_container col no-extra-padding inherit_tablet inherit_phone\"  data-padding-pos=\"all\" data-has-bg-color=\"false\" data-bg-color=\"\" data-bg-opacity=\"1\" data-animation=\"\" data-delay=\"0\" >\n\t\t<div class=\"vc_column-inner\" >\n\t\t\t<div class=\"wpb_wrapper\">\n\t\t\t\t\n<div class=\"wpb_text_column wpb_content_element\" >\n\t<p data-start=\"27\" data-end=\"70\"><strong data-start=\"27\" data-end=\"42\">Chairperson<\/strong><br data-start=\"42\" data-end=\"45\" \/>Temel Kamil Atay, Advisor<\/p>\n<p data-start=\"72\" data-end=\"132\"><strong data-start=\"72\" data-end=\"92\">Vice Chairperson<\/strong><br data-start=\"92\" data-end=\"95\" \/>Nevzat T\u00fcfek\u00e7io\u011flu, Financial Manager<\/p>\n<p data-start=\"134\" data-end=\"153\"><strong data-start=\"134\" data-end=\"151\">Board Members<\/strong><\/p>\n<ul data-start=\"154\" data-end=\"648\">\n<li data-start=\"154\" data-end=\"193\">\n<p data-start=\"156\" data-end=\"193\">Timur Cengiz Y\u0131lmazyavuz, Executive<\/p>\n<\/li>\n<li data-start=\"194\" data-end=\"278\">\n<p data-start=\"196\" data-end=\"278\">Prof. Dr. Ay\u015fe Nurdag\u00fcl Ak\u0131n, Public Health and Obstetrics Specialist \u2013 Academic<\/p>\n<\/li>\n<li data-start=\"279\" data-end=\"348\">\n<p data-start=\"281\" data-end=\"348\">Ahu Ba\u015fkut Alyanak, Communications and Sustainability \u2013 Executive<\/p>\n<\/li>\n<li data-start=\"349\" data-end=\"402\">\n<p data-start=\"351\" data-end=\"402\">Nuri Mehmet \u00c7olako\u011flu, Communications \u2013 Executive<\/p>\n<\/li>\n<li data-start=\"403\" data-end=\"453\">\n<p data-start=\"405\" data-end=\"453\">Prof. Dr. Mithat Erenus, Obstetrics Specialist<\/p>\n<\/li>\n<li data-start=\"454\" data-end=\"499\">\n<p data-start=\"456\" data-end=\"499\">G\u00fcl Zeynep G\u00f6\u011f\u00fc\u015f, Communications \u2013 Writer<\/p>\n<\/li>\n<li data-start=\"500\" data-end=\"534\">\n<p data-start=\"502\" data-end=\"534\">Ye\u015fim P\u0131nar Kitap\u00e7\u0131, Executive<\/p>\n<\/li>\n<li data-start=\"535\" data-end=\"585\">\n<p data-start=\"537\" data-end=\"585\">Nurcan M\u00fcft\u00fco\u011flu, Social Scientist \u2013 Executive<\/p>\n<\/li>\n<li data-start=\"586\" data-end=\"648\">\n<p data-start=\"588\" data-end=\"648\">Prof. Dr. Sibel Sakarya, Public Health Specialist \u2013 Academic<\/p>\n<\/li>\n<\/ul>\n<p data-start=\"650\" data-end=\"692\"><strong data-start=\"650\" data-end=\"673\">General Coordinator<\/strong><br data-start=\"673\" data-end=\"676\" \/>Nurcan M\u00fcft\u00fco\u011flu<\/p>\n<p data-start=\"694\" data-end=\"747\" data-is-last-node=\"\" data-is-only-node=\"\"><strong data-start=\"694\" data-end=\"724\">Deputy General Coordinator<\/strong><br data-start=\"724\" data-end=\"727\" \/>Seda \u00c7avu\u015fo\u011flu Turan<\/p>\n<\/div>\n\n\n\n\n\t\t\t<\/div> \n\t\t<\/div>\n\t<\/div> \n\n\t<div  class=\"vc_col-sm-6 wpb_column column_container vc_column_container col no-extra-padding inherit_tablet inherit_phone\"  data-padding-pos=\"all\" data-has-bg-color=\"false\" data-bg-color=\"\" data-bg-opacity=\"1\" data-animation=\"\" data-delay=\"0\" >\n\t\t<div class=\"vc_column-inner\" >\n\t\t\t<div class=\"wpb_wrapper\">\n\t\t\t\t\n<div class=\"wpb_text_column wpb_content_element\" >\n\t<p><strong>Board of Trustees<\/strong><\/p>\n<ul>\n<li>Chairperson Temel Kamil Atay<\/li>\n<li>Vice Chairperson Nevzat T\u00fcfek\u00e7io\u011flu<\/li>\n<\/ul>\n<p><strong>Members\u00a0 \u00a0 \u00a0 \u00a0 \u00a0 \u00a0 \u00a0 \u00a0 \u00a0 \u00a0 \u00a0 \u00a0 \u00a0 \u00a0 \u00a0 \u00a0 \u00a0 \u00a0 \u00a0 \u00a0 \u00a0 \u00a0 \u00a0 \u00a0 \u00a0 \u00a0 \u00a0 \u00a0 \u00a0 \u00a0<\/strong><\/p>\n<ul>\n<li>T.Odalar ve Borsalar Birli\u011fi B\u015fk.<\/li>\n<li>T.\u0130\u015f\u00e7i Sendikalar\u0131 Konf.B\u015fk.<\/li>\n<li>T.\u0130\u015fveren Sendikalar\u0131 Konf.B\u015fk.<\/li>\n<li>T.Ziraat Odalar\u0131 Birl.B\u015fk.<\/li>\n<li>T.Esnaf ve Sanatkarlar Konf.B\u015fk.<\/li>\n<li>T.\u015ei\u015fe ve Cam Fab. A.\u015e.<\/li>\n<li>Yap\u0131 ve Kredi Bank.A.\u015e.<\/li>\n<li>Mustafa Adan\u0131r<\/li>\n<li>Ay\u015fe Ahu Ak\u00e7al<\/li>\n<li>Prof.Dr.Ay\u015fe Nurdag\u00fcl Ak\u0131n<\/li>\n<li>Osman Boyner<\/li>\n<li>Zehra Zeynep Dereli<\/li>\n<li>Ayd\u0131n Do\u011fan<\/li>\n<li>Prof.Dr.Ali Do\u011framac\u0131<\/li>\n<li>B\u00fclent Eczac\u0131ba\u015f\u0131<\/li>\n<li>Zafer Nuri Eraslan<\/li>\n<li>Prof.Dr.Sel\u00e7uk Erez<\/li>\n<li>A.Alaiddin Gazio\u011flu<\/li>\n<li>Caroline N.Ko\u00e7<\/li>\n<li>Nurettin Ko\u00e7ak<\/li>\n<li>F.\u0130dil Mimaro\u011flu<\/li>\n<li>Defne Kocab\u0131y\u0131k Narter<\/li>\n<li>Murat F.\u00d6zakat<\/li>\n<li>Talha \u00d6ztekin<\/li>\n<li>Prof.Dr.Baran Tuncer<\/li>\n<li>\u00dcmran G.\u00dcz\u00fcmc\u00fc<\/li>\n<li>Feyhan Ya\u015far<\/li>\n<li>Ya\u015far Ya\u015fer<\/li>\n<li>Kamil Yaz\u0131c\u0131<\/li>\n<\/ul>\n<p><strong>Auditor Members<\/strong><\/p>\n<ul>\n<li>Murat \u00c7a\u011flar<\/li>\n<li>T\u00fclin Ta\u015feli<\/li>\n<li>Kemal Uzun<strong>\u00a0\u00a0<\/strong><\/li>\n<\/ul>\n<\/div>\n\n\n\n\n\t\t\t<\/div> \n\t\t<\/div>\n\t<\/div> \n<\/div><\/div>","protected":false},"excerpt":{"rendered":"ChairpersonTemel Kamil Atay, Advisor Vice ChairpersonNevzat T\u00fcfek\u00e7io\u011flu, Financial Manager Board Members Timur Cengiz Y\u0131lmazyavuz, Executive Prof. Dr. Ay\u015fe Nurdag\u00fcl Ak\u0131n, Public Health and Obstetrics Specialist \u2013 Academic Ahu Ba\u015fkut Alyanak,...","protected":false},"author":1,"featured_media":6551,"parent":7634,"menu_order":3,"comment_status":"closed","ping_status":"closed","template":"","meta":{"footnotes":""},"categories":[],"tags":[],"class_list":["post-7642","page","type-page","status-publish","has-post-thumbnail"],"yoast_head":"<!-- This site is optimized with the Yoast SEO plugin v27.4 - https:\/\/yoast.com\/product\/yoast-seo-wordpress\/ -->\n<title>Governance - Turkish Family Health and Planning Foundation<\/title>\n<meta name=\"robots\" content=\"index, follow, max-snippet:-1, max-image-preview:large, max-video-preview:-1\" \/>\n<link rel=\"canonical\" href=\"https:\/\/www.tapv.org.tr\/en\/about-us\/governance\/\" \/>\n<meta property=\"og:locale\" content=\"en_GB\" \/>\n<meta property=\"og:type\" content=\"article\" \/>\n<meta property=\"og:title\" content=\"Governance - Turkish Family Health and Planning Foundation\" \/>\n<meta property=\"og:url\" content=\"https:\/\/www.tapv.org.tr\/en\/about-us\/governance\/\" \/>\n<meta property=\"og:site_name\" content=\"Turkish Family Health and Planning Foundation\" \/>\n<meta property=\"article:publisher\" content=\"https:\/\/www.facebook.com\/tapvakfi\" \/>\n<meta property=\"og:image\" content=\"https:\/\/www.tapv.org.tr\/wp-content\/uploads\/2024\/08\/haber-gorsel.jpg\" \/>\n\t<meta property=\"og:image:width\" content=\"1600\" \/>\n\t<meta property=\"og:image:height\" content=\"900\" \/>\n\t<meta property=\"og:image:type\" content=\"image\/jpeg\" \/>\n<meta name=\"twitter:card\" content=\"summary_large_image\" \/>\n<meta name=\"twitter:site\" content=\"@tapvakfi\" \/>\n<script type=\"application\/ld+json\" class=\"yoast-schema-graph\">{\"@context\":\"https:\\\/\\\/schema.org\",\"@graph\":[{\"@type\":\"WebPage\",\"@id\":\"https:\\\/\\\/www.tapv.org.tr\\\/en\\\/about-us\\\/governance\\\/\",\"url\":\"https:\\\/\\\/www.tapv.org.tr\\\/en\\\/about-us\\\/governance\\\/\",\"name\":\"Governance - Turkish Family Health and Planning Foundation\",\"isPartOf\":{\"@id\":\"https:\\\/\\\/www.tapv.org.tr\\\/en\\\/#website\"},\"primaryImageOfPage\":{\"@id\":\"https:\\\/\\\/www.tapv.org.tr\\\/en\\\/about-us\\\/governance\\\/#primaryimage\"},\"image\":{\"@id\":\"https:\\\/\\\/www.tapv.org.tr\\\/en\\\/about-us\\\/governance\\\/#primaryimage\"},\"thumbnailUrl\":\"https:\\\/\\\/www.tapv.org.tr\\\/wp-content\\\/uploads\\\/2024\\\/08\\\/haber-gorsel.jpg\",\"datePublished\":\"2025-08-06T17:22:53+00:00\",\"breadcrumb\":{\"@id\":\"https:\\\/\\\/www.tapv.org.tr\\\/en\\\/about-us\\\/governance\\\/#breadcrumb\"},\"inLanguage\":\"en-GB\",\"potentialAction\":[{\"@type\":\"ReadAction\",\"target\":[\"https:\\\/\\\/www.tapv.org.tr\\\/en\\\/about-us\\\/governance\\\/\"]}]},{\"@type\":\"ImageObject\",\"inLanguage\":\"en-GB\",\"@id\":\"https:\\\/\\\/www.tapv.org.tr\\\/en\\\/about-us\\\/governance\\\/#primaryimage\",\"url\":\"https:\\\/\\\/www.tapv.org.tr\\\/wp-content\\\/uploads\\\/2024\\\/08\\\/haber-gorsel.jpg\",\"contentUrl\":\"https:\\\/\\\/www.tapv.org.tr\\\/wp-content\\\/uploads\\\/2024\\\/08\\\/haber-gorsel.jpg\",\"width\":1600,\"height\":900},{\"@type\":\"BreadcrumbList\",\"@id\":\"https:\\\/\\\/www.tapv.org.tr\\\/en\\\/about-us\\\/governance\\\/#breadcrumb\",\"itemListElement\":[{\"@type\":\"ListItem\",\"position\":1,\"name\":\"Ana sayfa\",\"item\":\"https:\\\/\\\/www.tapv.org.tr\\\/en\\\/home\\\/\"},{\"@type\":\"ListItem\",\"position\":2,\"name\":\"About Us\",\"item\":\"https:\\\/\\\/www.tapv.org.tr\\\/en\\\/about-us\\\/\"},{\"@type\":\"ListItem\",\"position\":3,\"name\":\"Governance\"}]},{\"@type\":\"WebSite\",\"@id\":\"https:\\\/\\\/www.tapv.org.tr\\\/en\\\/#website\",\"url\":\"https:\\\/\\\/www.tapv.org.tr\\\/en\\\/\",\"name\":\"TAP Vakf\u0131 | T\u00fcrkiye Aile Sa\u011fl\u0131\u011f\u0131 ve Planlamas\u0131 Vakf\u0131\",\"description\":\"\",\"alternateName\":\"TAP Vakf\u0131\",\"potentialAction\":[{\"@type\":\"SearchAction\",\"target\":{\"@type\":\"EntryPoint\",\"urlTemplate\":\"https:\\\/\\\/www.tapv.org.tr\\\/en\\\/?s={search_term_string}\"},\"query-input\":{\"@type\":\"PropertyValueSpecification\",\"valueRequired\":true,\"valueName\":\"search_term_string\"}}],\"inLanguage\":\"en-GB\"}]}<\/script>\n<!-- \/ Yoast SEO plugin. -->","yoast_head_json":{"title":"Governance - Turkish Family Health and Planning Foundation","robots":{"index":"index","follow":"follow","max-snippet":"max-snippet:-1","max-image-preview":"max-image-preview:large","max-video-preview":"max-video-preview:-1"},"canonical":"https:\/\/www.tapv.org.tr\/en\/about-us\/governance\/","og_locale":"en_GB","og_type":"article","og_title":"Governance - Turkish Family Health and Planning Foundation","og_url":"https:\/\/www.tapv.org.tr\/en\/about-us\/governance\/","og_site_name":"Turkish Family Health and Planning Foundation","article_publisher":"https:\/\/www.facebook.com\/tapvakfi","og_image":[{"width":1600,"height":900,"url":"https:\/\/www.tapv.org.tr\/wp-content\/uploads\/2024\/08\/haber-gorsel.jpg","type":"image\/jpeg"}],"twitter_card":"summary_large_image","twitter_site":"@tapvakfi","schema":{"@context":"https:\/\/schema.org","@graph":[{"@type":"WebPage","@id":"https:\/\/www.tapv.org.tr\/en\/about-us\/governance\/","url":"https:\/\/www.tapv.org.tr\/en\/about-us\/governance\/","name":"Governance - Turkish Family Health and Planning Foundation","isPartOf":{"@id":"https:\/\/www.tapv.org.tr\/en\/#website"},"primaryImageOfPage":{"@id":"https:\/\/www.tapv.org.tr\/en\/about-us\/governance\/#primaryimage"},"image":{"@id":"https:\/\/www.tapv.org.tr\/en\/about-us\/governance\/#primaryimage"},"thumbnailUrl":"https:\/\/www.tapv.org.tr\/wp-content\/uploads\/2024\/08\/haber-gorsel.jpg","datePublished":"2025-08-06T17:22:53+00:00","breadcrumb":{"@id":"https:\/\/www.tapv.org.tr\/en\/about-us\/governance\/#breadcrumb"},"inLanguage":"en-GB","potentialAction":[{"@type":"ReadAction","target":["https:\/\/www.tapv.org.tr\/en\/about-us\/governance\/"]}]},{"@type":"ImageObject","inLanguage":"en-GB","@id":"https:\/\/www.tapv.org.tr\/en\/about-us\/governance\/#primaryimage","url":"https:\/\/www.tapv.org.tr\/wp-content\/uploads\/2024\/08\/haber-gorsel.jpg","contentUrl":"https:\/\/www.tapv.org.tr\/wp-content\/uploads\/2024\/08\/haber-gorsel.jpg","width":1600,"height":900},{"@type":"BreadcrumbList","@id":"https:\/\/www.tapv.org.tr\/en\/about-us\/governance\/#breadcrumb","itemListElement":[{"@type":"ListItem","position":1,"name":"Ana sayfa","item":"https:\/\/www.tapv.org.tr\/en\/home\/"},{"@type":"ListItem","position":2,"name":"About Us","item":"https:\/\/www.tapv.org.tr\/en\/about-us\/"},{"@type":"ListItem","position":3,"name":"Governance"}]},{"@type":"WebSite","@id":"https:\/\/www.tapv.org.tr\/en\/#website","url":"https:\/\/www.tapv.org.tr\/en\/","name":"TAP Vakf\u0131 | T\u00fcrkiye Aile Sa\u011fl\u0131\u011f\u0131 ve Planlamas\u0131 Vakf\u0131","description":"","alternateName":"TAP Vakf\u0131","potentialAction":[{"@type":"SearchAction","target":{"@type":"EntryPoint","urlTemplate":"https:\/\/www.tapv.org.tr\/en\/?s={search_term_string}"},"query-input":{"@type":"PropertyValueSpecification","valueRequired":true,"valueName":"search_term_string"}}],"inLanguage":"en-GB"}]}},"_links":{"self":[{"href":"https:\/\/www.tapv.org.tr\/en\/wp-json\/wp\/v2\/pages\/7642","targetHints":{"allow":["GET"]}}],"collection":[{"href":"https:\/\/www.tapv.org.tr\/en\/wp-json\/wp\/v2\/pages"}],"about":[{"href":"https:\/\/www.tapv.org.tr\/en\/wp-json\/wp\/v2\/types\/page"}],"author":[{"embeddable":true,"href":"https:\/\/www.tapv.org.tr\/en\/wp-json\/wp\/v2\/users\/1"}],"replies":[{"embeddable":true,"href":"https:\/\/www.tapv.org.tr\/en\/wp-json\/wp\/v2\/comments?post=7642"}],"version-history":[{"count":1,"href":"https:\/\/www.tapv.org.tr\/en\/wp-json\/wp\/v2\/pages\/7642\/revisions"}],"predecessor-version":[{"id":7643,"href":"https:\/\/www.tapv.org.tr\/en\/wp-json\/wp\/v2\/pages\/7642\/revisions\/7643"}],"up":[{"embeddable":true,"href":"https:\/\/www.tapv.org.tr\/en\/wp-json\/wp\/v2\/pages\/7634"}],"wp:featuredmedia":[{"embeddable":true,"href":"https:\/\/www.tapv.org.tr\/en\/wp-json\/wp\/v2\/media\/6551"}],"wp:attachment":[{"href":"https:\/\/www.tapv.org.tr\/en\/wp-json\/wp\/v2\/media?parent=7642"}],"wp:term":[{"taxonomy":"category","embeddable":true,"href":"https:\/\/www.tapv.org.tr\/en\/wp-json\/wp\/v2\/categories?post=7642"},{"taxonomy":"post_tag","embeddable":true,"href":"https:\/\/www.tapv.org.tr\/en\/wp-json\/wp\/v2\/tags?post=7642"}],"curies":[{"name":"wp","href":"https:\/\/api.w.org\/{rel}","templated":true}]}}