{"id":7647,"date":"2025-08-06T20:25:07","date_gmt":"2025-08-06T17:25:07","guid":{"rendered":"https:\/\/tapv.org.tr\/?page_id=7647"},"modified":"2025-08-06T20:25:07","modified_gmt":"2025-08-06T17:25:07","slug":"advisory-board","status":"publish","type":"page","link":"https:\/\/www.tapv.org.tr\/en\/about-us\/advisory-board\/","title":{"rendered":"Advisory Board"},"content":{"rendered":"<div id=\"fws_69df2240dc454\"  data-column-margin=\"default\" data-midnight=\"dark\"  class=\"wpb_row vc_row-fluid vc_row\"  style=\"padding-top: 0px; padding-bottom: 0px; \"><div class=\"row-bg-wrap\" data-bg-animation=\"none\" data-bg-animation-delay=\"\" data-bg-overlay=\"false\"><div class=\"inner-wrap row-bg-layer\" ><div class=\"row-bg viewport-desktop\"  style=\"\"><\/div><\/div><\/div><div class=\"row_col_wrap_12 col span_12 dark left\">\n\t<div  class=\"vc_col-sm-2 wpb_column column_container vc_column_container col no-extra-padding inherit_tablet inherit_phone\"  data-padding-pos=\"all\" data-has-bg-color=\"false\" data-bg-color=\"\" data-bg-opacity=\"1\" data-animation=\"\" data-delay=\"0\" >\n\t\t<div class=\"vc_column-inner\" >\n\t\t\t<div class=\"wpb_wrapper\">\n\t\t\t\t\n\t\t\t<\/div> \n\t\t<\/div>\n\t<\/div> \n\n\t<div  class=\"vc_col-sm-8 wpb_column column_container vc_column_container col no-extra-padding inherit_tablet inherit_phone\"  data-padding-pos=\"all\" data-has-bg-color=\"false\" data-bg-color=\"\" data-bg-opacity=\"1\" data-animation=\"\" data-delay=\"0\" >\n\t\t<div class=\"vc_column-inner\" >\n\t\t\t<div class=\"wpb_wrapper\">\n\t\t\t\t\n<div class=\"wpb_text_column wpb_content_element\" >\n\t<p><strong>Scientific Advisory Board<\/strong><\/p>\n<p>The Scientific Advisory Board evaluates the training and communication materials, service protocols, and guidelines developed by the Foundation in the areas of information, counseling, education, and health service delivery within the scope of sexual and reproductive health (SRH), based on the needs of all social groups.<\/p>\n<p><strong>Board Members:<\/strong><\/p>\n<ul>\n<li><strong>Prof. Dr. Ay\u015fe Ak\u0131n<\/strong><br \/>\nObstetrics, Gynecology, and Public Health Specialist<br \/>\nBa\u015fkent University<\/li>\n<li><strong>Prof. Dr. Mithat Erenus<\/strong><br \/>\nObstetrics and Gynecology Specialist<\/li>\n<li><strong>Prof. Dr. Sibel Sakarya<\/strong><br \/>\nPublic Health Specialist<br \/>\nKo\u00e7 University<\/li>\n<li><strong>Prof. Dr. Onur Karabacak<\/strong><br \/>\nObstetrics and Gynecology Specialist<br \/>\nGazi University Faculty of Medicine, Department of Obstetrics and Gynecology<\/li>\n<li><strong>Prof. Dr. Sinan Ozalp<\/strong><br \/>\nObstetrics and Gynecology Specialist<\/li>\n<li><strong>Prof. Dr. Nuray \u00d6zg\u00fclnar<\/strong><br \/>\nPublic Health Specialist<br \/>\nIstanbul University Faculty of Medicine, Department of Public Health<\/li>\n<li><strong>Dr. Nazmi Algan<\/strong><br \/>\nFamily Physician<br \/>\nIstanbul Medical Chamber<\/li>\n<\/ul>\n<\/div>\n\n\n\n\n\t\t\t<\/div> \n\t\t<\/div>\n\t<\/div> \n\n\t<div  class=\"vc_col-sm-2 wpb_column column_container vc_column_container col no-extra-padding inherit_tablet inherit_phone\"  data-padding-pos=\"all\" data-has-bg-color=\"false\" data-bg-color=\"\" data-bg-opacity=\"1\" data-animation=\"\" data-delay=\"0\" >\n\t\t<div class=\"vc_column-inner\" >\n\t\t\t<div class=\"wpb_wrapper\">\n\t\t\t\t\n\t\t\t<\/div> \n\t\t<\/div>\n\t<\/div> \n<\/div><\/div>","protected":false},"excerpt":{"rendered":"Scientific Advisory Board The Scientific Advisory Board evaluates the training and communication materials, service protocols, and guidelines developed by the Foundation in the areas of information, counseling, education, and health...","protected":false},"author":1,"featured_media":6551,"parent":7634,"menu_order":5,"comment_status":"closed","ping_status":"closed","template":"","meta":{"footnotes":""},"categories":[],"tags":[],"class_list":["post-7647","page","type-page","status-publish","has-post-thumbnail"],"yoast_head":"<!-- This site is optimized with the Yoast SEO plugin v27.4 - https:\/\/yoast.com\/product\/yoast-seo-wordpress\/ -->\n<title>Advisory Board - Turkish Family Health and Planning Foundation<\/title>\n<meta name=\"robots\" content=\"index, follow, max-snippet:-1, max-image-preview:large, max-video-preview:-1\" \/>\n<link rel=\"canonical\" href=\"https:\/\/www.tapv.org.tr\/en\/about-us\/advisory-board\/\" \/>\n<meta property=\"og:locale\" content=\"en_GB\" \/>\n<meta property=\"og:type\" content=\"article\" \/>\n<meta property=\"og:title\" content=\"Advisory Board - Turkish Family Health and Planning Foundation\" \/>\n<meta property=\"og:url\" content=\"https:\/\/www.tapv.org.tr\/en\/about-us\/advisory-board\/\" \/>\n<meta property=\"og:site_name\" content=\"Turkish Family Health and Planning Foundation\" \/>\n<meta property=\"article:publisher\" content=\"https:\/\/www.facebook.com\/tapvakfi\" \/>\n<meta property=\"og:image\" content=\"https:\/\/www.tapv.org.tr\/wp-content\/uploads\/2024\/08\/haber-gorsel.jpg\" \/>\n\t<meta property=\"og:image:width\" content=\"1600\" \/>\n\t<meta property=\"og:image:height\" content=\"900\" \/>\n\t<meta property=\"og:image:type\" content=\"image\/jpeg\" \/>\n<meta name=\"twitter:card\" content=\"summary_large_image\" \/>\n<meta name=\"twitter:site\" content=\"@tapvakfi\" \/>\n<script type=\"application\/ld+json\" class=\"yoast-schema-graph\">{\"@context\":\"https:\\\/\\\/schema.org\",\"@graph\":[{\"@type\":\"WebPage\",\"@id\":\"https:\\\/\\\/www.tapv.org.tr\\\/en\\\/about-us\\\/advisory-board\\\/\",\"url\":\"https:\\\/\\\/www.tapv.org.tr\\\/en\\\/about-us\\\/advisory-board\\\/\",\"name\":\"Advisory Board - Turkish Family Health and Planning Foundation\",\"isPartOf\":{\"@id\":\"https:\\\/\\\/www.tapv.org.tr\\\/en\\\/#website\"},\"primaryImageOfPage\":{\"@id\":\"https:\\\/\\\/www.tapv.org.tr\\\/en\\\/about-us\\\/advisory-board\\\/#primaryimage\"},\"image\":{\"@id\":\"https:\\\/\\\/www.tapv.org.tr\\\/en\\\/about-us\\\/advisory-board\\\/#primaryimage\"},\"thumbnailUrl\":\"https:\\\/\\\/www.tapv.org.tr\\\/wp-content\\\/uploads\\\/2024\\\/08\\\/haber-gorsel.jpg\",\"datePublished\":\"2025-08-06T17:25:07+00:00\",\"breadcrumb\":{\"@id\":\"https:\\\/\\\/www.tapv.org.tr\\\/en\\\/about-us\\\/advisory-board\\\/#breadcrumb\"},\"inLanguage\":\"en-GB\",\"potentialAction\":[{\"@type\":\"ReadAction\",\"target\":[\"https:\\\/\\\/www.tapv.org.tr\\\/en\\\/about-us\\\/advisory-board\\\/\"]}]},{\"@type\":\"ImageObject\",\"inLanguage\":\"en-GB\",\"@id\":\"https:\\\/\\\/www.tapv.org.tr\\\/en\\\/about-us\\\/advisory-board\\\/#primaryimage\",\"url\":\"https:\\\/\\\/www.tapv.org.tr\\\/wp-content\\\/uploads\\\/2024\\\/08\\\/haber-gorsel.jpg\",\"contentUrl\":\"https:\\\/\\\/www.tapv.org.tr\\\/wp-content\\\/uploads\\\/2024\\\/08\\\/haber-gorsel.jpg\",\"width\":1600,\"height\":900},{\"@type\":\"BreadcrumbList\",\"@id\":\"https:\\\/\\\/www.tapv.org.tr\\\/en\\\/about-us\\\/advisory-board\\\/#breadcrumb\",\"itemListElement\":[{\"@type\":\"ListItem\",\"position\":1,\"name\":\"Ana sayfa\",\"item\":\"https:\\\/\\\/www.tapv.org.tr\\\/en\\\/home\\\/\"},{\"@type\":\"ListItem\",\"position\":2,\"name\":\"About Us\",\"item\":\"https:\\\/\\\/www.tapv.org.tr\\\/en\\\/about-us\\\/\"},{\"@type\":\"ListItem\",\"position\":3,\"name\":\"Advisory Board\"}]},{\"@type\":\"WebSite\",\"@id\":\"https:\\\/\\\/www.tapv.org.tr\\\/en\\\/#website\",\"url\":\"https:\\\/\\\/www.tapv.org.tr\\\/en\\\/\",\"name\":\"TAP Vakf\u0131 | T\u00fcrkiye Aile Sa\u011fl\u0131\u011f\u0131 ve Planlamas\u0131 Vakf\u0131\",\"description\":\"\",\"alternateName\":\"TAP Vakf\u0131\",\"potentialAction\":[{\"@type\":\"SearchAction\",\"target\":{\"@type\":\"EntryPoint\",\"urlTemplate\":\"https:\\\/\\\/www.tapv.org.tr\\\/en\\\/?s={search_term_string}\"},\"query-input\":{\"@type\":\"PropertyValueSpecification\",\"valueRequired\":true,\"valueName\":\"search_term_string\"}}],\"inLanguage\":\"en-GB\"}]}<\/script>\n<!-- \/ Yoast SEO plugin. -->","yoast_head_json":{"title":"Advisory Board - Turkish Family Health and Planning Foundation","robots":{"index":"index","follow":"follow","max-snippet":"max-snippet:-1","max-image-preview":"max-image-preview:large","max-video-preview":"max-video-preview:-1"},"canonical":"https:\/\/www.tapv.org.tr\/en\/about-us\/advisory-board\/","og_locale":"en_GB","og_type":"article","og_title":"Advisory Board - Turkish Family Health and Planning Foundation","og_url":"https:\/\/www.tapv.org.tr\/en\/about-us\/advisory-board\/","og_site_name":"Turkish Family Health and Planning Foundation","article_publisher":"https:\/\/www.facebook.com\/tapvakfi","og_image":[{"width":1600,"height":900,"url":"https:\/\/www.tapv.org.tr\/wp-content\/uploads\/2024\/08\/haber-gorsel.jpg","type":"image\/jpeg"}],"twitter_card":"summary_large_image","twitter_site":"@tapvakfi","schema":{"@context":"https:\/\/schema.org","@graph":[{"@type":"WebPage","@id":"https:\/\/www.tapv.org.tr\/en\/about-us\/advisory-board\/","url":"https:\/\/www.tapv.org.tr\/en\/about-us\/advisory-board\/","name":"Advisory Board - Turkish Family Health and Planning Foundation","isPartOf":{"@id":"https:\/\/www.tapv.org.tr\/en\/#website"},"primaryImageOfPage":{"@id":"https:\/\/www.tapv.org.tr\/en\/about-us\/advisory-board\/#primaryimage"},"image":{"@id":"https:\/\/www.tapv.org.tr\/en\/about-us\/advisory-board\/#primaryimage"},"thumbnailUrl":"https:\/\/www.tapv.org.tr\/wp-content\/uploads\/2024\/08\/haber-gorsel.jpg","datePublished":"2025-08-06T17:25:07+00:00","breadcrumb":{"@id":"https:\/\/www.tapv.org.tr\/en\/about-us\/advisory-board\/#breadcrumb"},"inLanguage":"en-GB","potentialAction":[{"@type":"ReadAction","target":["https:\/\/www.tapv.org.tr\/en\/about-us\/advisory-board\/"]}]},{"@type":"ImageObject","inLanguage":"en-GB","@id":"https:\/\/www.tapv.org.tr\/en\/about-us\/advisory-board\/#primaryimage","url":"https:\/\/www.tapv.org.tr\/wp-content\/uploads\/2024\/08\/haber-gorsel.jpg","contentUrl":"https:\/\/www.tapv.org.tr\/wp-content\/uploads\/2024\/08\/haber-gorsel.jpg","width":1600,"height":900},{"@type":"BreadcrumbList","@id":"https:\/\/www.tapv.org.tr\/en\/about-us\/advisory-board\/#breadcrumb","itemListElement":[{"@type":"ListItem","position":1,"name":"Ana sayfa","item":"https:\/\/www.tapv.org.tr\/en\/home\/"},{"@type":"ListItem","position":2,"name":"About Us","item":"https:\/\/www.tapv.org.tr\/en\/about-us\/"},{"@type":"ListItem","position":3,"name":"Advisory Board"}]},{"@type":"WebSite","@id":"https:\/\/www.tapv.org.tr\/en\/#website","url":"https:\/\/www.tapv.org.tr\/en\/","name":"TAP Vakf\u0131 | T\u00fcrkiye Aile Sa\u011fl\u0131\u011f\u0131 ve Planlamas\u0131 Vakf\u0131","description":"","alternateName":"TAP Vakf\u0131","potentialAction":[{"@type":"SearchAction","target":{"@type":"EntryPoint","urlTemplate":"https:\/\/www.tapv.org.tr\/en\/?s={search_term_string}"},"query-input":{"@type":"PropertyValueSpecification","valueRequired":true,"valueName":"search_term_string"}}],"inLanguage":"en-GB"}]}},"_links":{"self":[{"href":"https:\/\/www.tapv.org.tr\/en\/wp-json\/wp\/v2\/pages\/7647","targetHints":{"allow":["GET"]}}],"collection":[{"href":"https:\/\/www.tapv.org.tr\/en\/wp-json\/wp\/v2\/pages"}],"about":[{"href":"https:\/\/www.tapv.org.tr\/en\/wp-json\/wp\/v2\/types\/page"}],"author":[{"embeddable":true,"href":"https:\/\/www.tapv.org.tr\/en\/wp-json\/wp\/v2\/users\/1"}],"replies":[{"embeddable":true,"href":"https:\/\/www.tapv.org.tr\/en\/wp-json\/wp\/v2\/comments?post=7647"}],"version-history":[{"count":1,"href":"https:\/\/www.tapv.org.tr\/en\/wp-json\/wp\/v2\/pages\/7647\/revisions"}],"predecessor-version":[{"id":7648,"href":"https:\/\/www.tapv.org.tr\/en\/wp-json\/wp\/v2\/pages\/7647\/revisions\/7648"}],"up":[{"embeddable":true,"href":"https:\/\/www.tapv.org.tr\/en\/wp-json\/wp\/v2\/pages\/7634"}],"wp:featuredmedia":[{"embeddable":true,"href":"https:\/\/www.tapv.org.tr\/en\/wp-json\/wp\/v2\/media\/6551"}],"wp:attachment":[{"href":"https:\/\/www.tapv.org.tr\/en\/wp-json\/wp\/v2\/media?parent=7647"}],"wp:term":[{"taxonomy":"category","embeddable":true,"href":"https:\/\/www.tapv.org.tr\/en\/wp-json\/wp\/v2\/categories?post=7647"},{"taxonomy":"post_tag","embeddable":true,"href":"https:\/\/www.tapv.org.tr\/en\/wp-json\/wp\/v2\/tags?post=7647"}],"curies":[{"name":"wp","href":"https:\/\/api.w.org\/{rel}","templated":true}]}}