{"id":7698,"date":"2025-08-06T21:40:40","date_gmt":"2025-08-06T18:40:40","guid":{"rendered":"https:\/\/tapv.org.tr\/?page_id=7698"},"modified":"2025-08-06T21:42:02","modified_gmt":"2025-08-06T18:42:02","slug":"e-library","status":"publish","type":"page","link":"https:\/\/www.tapv.org.tr\/en\/e-library\/","title":{"rendered":"E-Library"},"content":{"rendered":"<div id=\"fws_69df09d2ab497\"  data-column-margin=\"default\" data-midnight=\"dark\"  class=\"wpb_row vc_row-fluid vc_row\"  style=\"padding-top: 0px; padding-bottom: 0px; \"><div class=\"row-bg-wrap\" data-bg-animation=\"none\" data-bg-animation-delay=\"\" data-bg-overlay=\"false\"><div class=\"inner-wrap row-bg-layer\" ><div class=\"row-bg viewport-desktop\"  style=\"\"><\/div><\/div><\/div><div class=\"row_col_wrap_12 col span_12 dark left\">\n\t<div  class=\"vc_col-sm-12 wpb_column column_container vc_column_container col no-extra-padding inherit_tablet inherit_phone\"  data-padding-pos=\"all\" data-has-bg-color=\"false\" data-bg-color=\"\" data-bg-opacity=\"1\" data-animation=\"\" data-delay=\"0\" >\n\t\t<div class=\"vc_column-inner\" >\n\t\t\t<div class=\"wpb_wrapper\">\n\t\t\t\t<div class='nectar-post-grid-wrap text-color-dark spacing-15px' data-el-settings='{\"post_type\":\"custom\",\"pagination\":\"load-more\",\"image_size\":\"full\",\"parallax_scrolling\":\"\",\"aspect_ratio_image_size\":\"\",\"category_position\":\"default\",\"category_display\":\"default\",\"display_categories\":\"0\",\"display_excerpt\":\"0\",\"excerpt_length\":\"20\",\"content_next_to_image_excerpt_pos\":\"default\",\"display_date\":\"0\",\"display_estimated_reading_time\":\"0\",\"display_author\":\"0\",\"author_functionality\":\"default\",\"author_position\":\"default\",\"color_overlay\":\"\",\"color_overlay_opacity\":\"\",\"color_overlay_hover_opacity\":\"\",\"card_bg_color\":\"#f9f9f9\",\"grid_style\":\"content_under_image\",\"hover_effect\":\"none\",\"post_title_overlay\":\"\",\"heading_tag\":\"h4\",\"heading_tag_render\":\"default\",\"enable_gallery_lightbox\":\"0\",\"remove_links\":\"0\",\"category_style\":\"underline\",\"overlay_secondary_project_image\":\"\",\"vertical_list_hover_effect\":\"none\",\"vertical_list_read_more\":\"\",\"vertical_list_read_more_style\":\"text\",\"read_more_button\":\"0\",\"animation\":\"fade-in-from-bottom\",\"custom_fields\":\"\",\"custom_fields_location\":\"before_post_meta\",\"display_type\":\"grid\",\"text_content_layout\":\"top_left\"}' data-style='content_under_image' data-query='{\"post_type\":\"custom\",\"posts_per_page\":\"30\",\"order\":\"DESC\",\"orderby\":\"date\",\"offset\":\"0\",\"cpt_name\":\"portfolio\",\"custom_query_tax\":\"\",\"ignore_sticky_posts\":\"\",\"exclude_current_post\":\"\"}' data-load-more-color='extra-color-1' data-load-more-text='Load More'><div class=\"nectar-post-grid-filters\" data-active-color=\"default\" data-align=\"default\" data-animation=\"fade-in-from-bottom\" data-sortable=\"\"><div><a href=\"#\" class=\"active all-filter\" data-filter=\"all\" data-total-count=\"3\">All<\/a><\/div><\/div><div class=\"nectar-post-grid card_hover_color_f9f9f9 custom-aspect-ratio-16-9 category-position-before-title\" data-indicator=\"\" data-indicator-style=\"default\" data-indicator-text-color=\"#fff\" data-indicator-color=\"#000\" data-indicator-text=\"View\" data-columns=\"3\" data-hover-effect=\"none\" data-text-style=\"default\" data-border-radius=\"5px\" data-grid-item-height=\"30vh\" data-grid-spacing=\"15px\" data-text-layout=\"top_left\" data-text-color=\"dark\" data-text-hover-color=\"dark\" data-shadow-hover=\"\" data-animation=\"fade-in-from-bottom\" data-animation-stagger=\"90\" data-cat-click=\"default\"  data-lock-aspect=\"\"  data-text-align=\"left\" data-card=\"yes\" style=\"--post-grid-border-radius:5px;\" ><div class=\"nectar-post-grid-item\" style=\"background-color: #f9f9f9;\" data-post-id=\"7797\" data-has-img=\"true\"> <div class=\"inner\"><div class=\"nectar-post-grid-item-bg-wrap\"><div class=\"nectar-post-grid-item-bg-wrap-inner\"><div class=\"nectar-post-grid-item-bg\"><img loading=\"lazy\" decoding=\"async\" class=\"nectar-lazy skip-lazy nectar-post-grid-item-bg__media\" src=\"data:image\/svg+xml;charset=utf-8,%3Csvg%20xmlns%3D'http%3A%2F%2Fwww.w3.org%2F2000%2Fsvg'%20viewBox%3D'0%200%201920%201080'%2F%3E\" alt=\"mail-kapak\" height=\"1080\" width=\"1920\" data-nectar-img-src=\"https:\/\/www.tapv.org.tr\/wp-content\/uploads\/2025\/09\/mail-kapak-1.png\" data-nectar-img-srcset=\"https:\/\/www.tapv.org.tr\/wp-content\/uploads\/2025\/09\/mail-kapak-1.png 1920w, https:\/\/www.tapv.org.tr\/wp-content\/uploads\/2025\/09\/mail-kapak-1-300x169.png 300w, https:\/\/www.tapv.org.tr\/wp-content\/uploads\/2025\/09\/mail-kapak-1-1024x576.png 1024w, https:\/\/www.tapv.org.tr\/wp-content\/uploads\/2025\/09\/mail-kapak-1-768x432.png 768w, https:\/\/www.tapv.org.tr\/wp-content\/uploads\/2025\/09\/mail-kapak-1-1536x864.png 1536w\" sizes=\"auto, (max-width: 1920px) 100vw, 1920px\" \/><\/div><\/div><\/div><div class=\"content\"><a class=\"nectar-post-grid-link\" href=\"https:\/\/www.tapv.org.tr\/en\/portfolio\/sexual-and-reproductive-health-and-rights-for-young-refugees-practice\/\" ><span class=\"screen-reader-text\">Our publication Sexual and Reproductive Health and Rights for Young Refugees: Practice Examples and Lessons Learned is now available.<\/span><\/a><div class=\"item-main\"><h4 class=\"post-heading\"><span>Our publication Sexual and Reproductive Health and Rights for Young Refugees: Practice Examples and Lessons Learned is now available.<\/span><\/h4><\/div><\/div><\/div><\/div><div class=\"nectar-post-grid-item\" style=\"background-color: #f9f9f9;\" data-post-id=\"7705\" data-has-img=\"true\"> <div class=\"inner\"><div class=\"nectar-post-grid-item-bg-wrap\"><div class=\"nectar-post-grid-item-bg-wrap-inner\"><div class=\"nectar-post-grid-item-bg\"><img loading=\"lazy\" decoding=\"async\" class=\"nectar-lazy skip-lazy nectar-post-grid-item-bg__media\" src=\"data:image\/svg+xml;charset=utf-8,%3Csvg%20xmlns%3D'http%3A%2F%2Fwww.w3.org%2F2000%2Fsvg'%20viewBox%3D'0%200%201920%201080'%2F%3E\" alt=\"Report On Examples Of Interventions\" height=\"1080\" width=\"1920\" data-nectar-img-src=\"https:\/\/www.tapv.org.tr\/wp-content\/uploads\/2025\/08\/report-on-examples-of-interventions.png\" data-nectar-img-srcset=\"https:\/\/www.tapv.org.tr\/wp-content\/uploads\/2025\/08\/report-on-examples-of-interventions.png 1920w, https:\/\/www.tapv.org.tr\/wp-content\/uploads\/2025\/08\/report-on-examples-of-interventions-300x169.png 300w, https:\/\/www.tapv.org.tr\/wp-content\/uploads\/2025\/08\/report-on-examples-of-interventions-1024x576.png 1024w, https:\/\/www.tapv.org.tr\/wp-content\/uploads\/2025\/08\/report-on-examples-of-interventions-768x432.png 768w, https:\/\/www.tapv.org.tr\/wp-content\/uploads\/2025\/08\/report-on-examples-of-interventions-1536x864.png 1536w, https:\/\/www.tapv.org.tr\/wp-content\/uploads\/2025\/08\/report-on-examples-of-interventions-18x10.png 18w\" sizes=\"auto, (max-width: 1920px) 100vw, 1920px\" \/><\/div><\/div><\/div><div class=\"content\"><a class=\"nectar-post-grid-link\" href=\"https:\/\/www.tapv.org.tr\/en\/portfolio\/strengthening-access-to-womens-health-services-in-disaster-and-crisis-settings\/\" ><span class=\"screen-reader-text\">Strengthening Access to Women\u2019s Health Services in Disaster and Crisis Settings: A Report On Examples Of Interventions To Improve Women&#8217;s Health is Now Published!<\/span><\/a><div class=\"item-main\"><h4 class=\"post-heading\"><span>Strengthening Access to Women\u2019s Health Services in Disaster and Crisis Settings: A Report On Examples Of Interventions To Improve Women&#8217;s Health is Now Published!<\/span><\/h4><\/div><\/div><\/div><\/div><div class=\"nectar-post-grid-item\" style=\"background-color: #f9f9f9;\" data-post-id=\"6810\" data-has-img=\"true\"> <div class=\"inner\"><div class=\"nectar-post-grid-item-bg-wrap\"><div class=\"nectar-post-grid-item-bg-wrap-inner\"><div class=\"nectar-post-grid-item-bg\"><img loading=\"lazy\" decoding=\"async\" class=\"nectar-lazy skip-lazy nectar-post-grid-item-bg__media\" src=\"data:image\/svg+xml;charset=utf-8,%3Csvg%20xmlns%3D'http%3A%2F%2Fwww.w3.org%2F2000%2Fsvg'%20viewBox%3D'0%200%201920%201080'%2F%3E\" alt=\"\" height=\"1080\" width=\"1920\" data-nectar-img-src=\"https:\/\/www.tapv.org.tr\/wp-content\/uploads\/2024\/09\/ekutuphane-kapak-3.jpg\" data-nectar-img-srcset=\"https:\/\/www.tapv.org.tr\/wp-content\/uploads\/2024\/09\/ekutuphane-kapak-3.jpg 1920w, https:\/\/www.tapv.org.tr\/wp-content\/uploads\/2024\/09\/ekutuphane-kapak-3-300x169.jpg 300w, https:\/\/www.tapv.org.tr\/wp-content\/uploads\/2024\/09\/ekutuphane-kapak-3-1024x576.jpg 1024w, https:\/\/www.tapv.org.tr\/wp-content\/uploads\/2024\/09\/ekutuphane-kapak-3-768x432.jpg 768w, https:\/\/www.tapv.org.tr\/wp-content\/uploads\/2024\/09\/ekutuphane-kapak-3-1536x864.jpg 1536w\" sizes=\"auto, (max-width: 1920px) 100vw, 1920px\" \/><\/div><\/div><\/div><div class=\"content\"><a class=\"nectar-post-grid-link\" href=\"https:\/\/www.tapv.org.tr\/en\/portfolio\/population-challenges-international-migration-and-reproductive-health-in-turkey-and-the-european-union-issues-and-policy-implications2004\/\" ><span class=\"screen-reader-text\">Population Challenges,  International Migration and Reproductive Health In  Turkey And The European Union:  Issues and Policy Implications,2004<\/span><\/a><div class=\"item-main\"><h4 class=\"post-heading\"><span>Population Challenges,  International Migration and Reproductive Health In  Turkey And The European Union:  Issues and Policy Implications,2004<\/span><\/h4><\/div><\/div><\/div><\/div><\/div><\/div>\n\t\t\t<\/div> \n\t\t<\/div>\n\t<\/div> \n<\/div><\/div>","protected":false},"excerpt":{"rendered":"Population Challenges,\u00a0 International Migration and Reproductive Health In\u00a0 Turkey And The European Union:\u00a0 Issues and Policy Implications,2004 Click to download","protected":false},"author":1,"featured_media":6551,"parent":0,"menu_order":0,"comment_status":"closed","ping_status":"closed","template":"","meta":{"footnotes":""},"categories":[],"tags":[],"class_list":["post-7698","page","type-page","status-publish","has-post-thumbnail"],"yoast_head":"<!-- This site is optimized with the Yoast SEO plugin v27.4 - https:\/\/yoast.com\/product\/yoast-seo-wordpress\/ -->\n<title>E-Library - Turkish Family Health and Planning Foundation<\/title>\n<meta name=\"robots\" content=\"index, follow, max-snippet:-1, max-image-preview:large, max-video-preview:-1\" \/>\n<link rel=\"canonical\" href=\"https:\/\/www.tapv.org.tr\/en\/e-library\/\" \/>\n<meta property=\"og:locale\" content=\"en_GB\" \/>\n<meta property=\"og:type\" content=\"article\" \/>\n<meta property=\"og:title\" content=\"E-Library - Turkish Family Health and Planning Foundation\" \/>\n<meta property=\"og:url\" content=\"https:\/\/www.tapv.org.tr\/en\/e-library\/\" \/>\n<meta property=\"og:site_name\" content=\"Turkish Family Health and Planning Foundation\" \/>\n<meta property=\"article:publisher\" content=\"https:\/\/www.facebook.com\/tapvakfi\" \/>\n<meta property=\"article:modified_time\" content=\"2025-08-06T18:42:02+00:00\" \/>\n<meta property=\"og:image\" content=\"https:\/\/www.tapv.org.tr\/wp-content\/uploads\/2024\/08\/haber-gorsel.jpg\" \/>\n\t<meta property=\"og:image:width\" content=\"1600\" \/>\n\t<meta property=\"og:image:height\" content=\"900\" \/>\n\t<meta property=\"og:image:type\" content=\"image\/jpeg\" \/>\n<meta name=\"twitter:card\" content=\"summary_large_image\" \/>\n<meta name=\"twitter:site\" content=\"@tapvakfi\" \/>\n<script type=\"application\/ld+json\" class=\"yoast-schema-graph\">{\"@context\":\"https:\\\/\\\/schema.org\",\"@graph\":[{\"@type\":\"WebPage\",\"@id\":\"https:\\\/\\\/www.tapv.org.tr\\\/en\\\/e-library\\\/\",\"url\":\"https:\\\/\\\/www.tapv.org.tr\\\/en\\\/e-library\\\/\",\"name\":\"E-Library - Turkish Family Health and Planning Foundation\",\"isPartOf\":{\"@id\":\"https:\\\/\\\/www.tapv.org.tr\\\/en\\\/#website\"},\"primaryImageOfPage\":{\"@id\":\"https:\\\/\\\/www.tapv.org.tr\\\/en\\\/e-library\\\/#primaryimage\"},\"image\":{\"@id\":\"https:\\\/\\\/www.tapv.org.tr\\\/en\\\/e-library\\\/#primaryimage\"},\"thumbnailUrl\":\"https:\\\/\\\/www.tapv.org.tr\\\/wp-content\\\/uploads\\\/2024\\\/08\\\/haber-gorsel.jpg\",\"datePublished\":\"2025-08-06T18:40:40+00:00\",\"dateModified\":\"2025-08-06T18:42:02+00:00\",\"breadcrumb\":{\"@id\":\"https:\\\/\\\/www.tapv.org.tr\\\/en\\\/e-library\\\/#breadcrumb\"},\"inLanguage\":\"en-GB\",\"potentialAction\":[{\"@type\":\"ReadAction\",\"target\":[\"https:\\\/\\\/www.tapv.org.tr\\\/en\\\/e-library\\\/\"]}]},{\"@type\":\"ImageObject\",\"inLanguage\":\"en-GB\",\"@id\":\"https:\\\/\\\/www.tapv.org.tr\\\/en\\\/e-library\\\/#primaryimage\",\"url\":\"https:\\\/\\\/www.tapv.org.tr\\\/wp-content\\\/uploads\\\/2024\\\/08\\\/haber-gorsel.jpg\",\"contentUrl\":\"https:\\\/\\\/www.tapv.org.tr\\\/wp-content\\\/uploads\\\/2024\\\/08\\\/haber-gorsel.jpg\",\"width\":1600,\"height\":900},{\"@type\":\"BreadcrumbList\",\"@id\":\"https:\\\/\\\/www.tapv.org.tr\\\/en\\\/e-library\\\/#breadcrumb\",\"itemListElement\":[{\"@type\":\"ListItem\",\"position\":1,\"name\":\"Ana sayfa\",\"item\":\"https:\\\/\\\/www.tapv.org.tr\\\/en\\\/home\\\/\"},{\"@type\":\"ListItem\",\"position\":2,\"name\":\"E-Library\"}]},{\"@type\":\"WebSite\",\"@id\":\"https:\\\/\\\/www.tapv.org.tr\\\/en\\\/#website\",\"url\":\"https:\\\/\\\/www.tapv.org.tr\\\/en\\\/\",\"name\":\"TAP Vakf\u0131 | T\u00fcrkiye Aile Sa\u011fl\u0131\u011f\u0131 ve Planlamas\u0131 Vakf\u0131\",\"description\":\"\",\"alternateName\":\"TAP Vakf\u0131\",\"potentialAction\":[{\"@type\":\"SearchAction\",\"target\":{\"@type\":\"EntryPoint\",\"urlTemplate\":\"https:\\\/\\\/www.tapv.org.tr\\\/en\\\/?s={search_term_string}\"},\"query-input\":{\"@type\":\"PropertyValueSpecification\",\"valueRequired\":true,\"valueName\":\"search_term_string\"}}],\"inLanguage\":\"en-GB\"}]}<\/script>\n<!-- \/ Yoast SEO plugin. -->","yoast_head_json":{"title":"E-Library - Turkish Family Health and Planning Foundation","robots":{"index":"index","follow":"follow","max-snippet":"max-snippet:-1","max-image-preview":"max-image-preview:large","max-video-preview":"max-video-preview:-1"},"canonical":"https:\/\/www.tapv.org.tr\/en\/e-library\/","og_locale":"en_GB","og_type":"article","og_title":"E-Library - Turkish Family Health and Planning Foundation","og_url":"https:\/\/www.tapv.org.tr\/en\/e-library\/","og_site_name":"Turkish Family Health and Planning Foundation","article_publisher":"https:\/\/www.facebook.com\/tapvakfi","article_modified_time":"2025-08-06T18:42:02+00:00","og_image":[{"width":1600,"height":900,"url":"https:\/\/www.tapv.org.tr\/wp-content\/uploads\/2024\/08\/haber-gorsel.jpg","type":"image\/jpeg"}],"twitter_card":"summary_large_image","twitter_site":"@tapvakfi","schema":{"@context":"https:\/\/schema.org","@graph":[{"@type":"WebPage","@id":"https:\/\/www.tapv.org.tr\/en\/e-library\/","url":"https:\/\/www.tapv.org.tr\/en\/e-library\/","name":"E-Library - Turkish Family Health and Planning Foundation","isPartOf":{"@id":"https:\/\/www.tapv.org.tr\/en\/#website"},"primaryImageOfPage":{"@id":"https:\/\/www.tapv.org.tr\/en\/e-library\/#primaryimage"},"image":{"@id":"https:\/\/www.tapv.org.tr\/en\/e-library\/#primaryimage"},"thumbnailUrl":"https:\/\/www.tapv.org.tr\/wp-content\/uploads\/2024\/08\/haber-gorsel.jpg","datePublished":"2025-08-06T18:40:40+00:00","dateModified":"2025-08-06T18:42:02+00:00","breadcrumb":{"@id":"https:\/\/www.tapv.org.tr\/en\/e-library\/#breadcrumb"},"inLanguage":"en-GB","potentialAction":[{"@type":"ReadAction","target":["https:\/\/www.tapv.org.tr\/en\/e-library\/"]}]},{"@type":"ImageObject","inLanguage":"en-GB","@id":"https:\/\/www.tapv.org.tr\/en\/e-library\/#primaryimage","url":"https:\/\/www.tapv.org.tr\/wp-content\/uploads\/2024\/08\/haber-gorsel.jpg","contentUrl":"https:\/\/www.tapv.org.tr\/wp-content\/uploads\/2024\/08\/haber-gorsel.jpg","width":1600,"height":900},{"@type":"BreadcrumbList","@id":"https:\/\/www.tapv.org.tr\/en\/e-library\/#breadcrumb","itemListElement":[{"@type":"ListItem","position":1,"name":"Ana sayfa","item":"https:\/\/www.tapv.org.tr\/en\/home\/"},{"@type":"ListItem","position":2,"name":"E-Library"}]},{"@type":"WebSite","@id":"https:\/\/www.tapv.org.tr\/en\/#website","url":"https:\/\/www.tapv.org.tr\/en\/","name":"TAP Vakf\u0131 | T\u00fcrkiye Aile Sa\u011fl\u0131\u011f\u0131 ve Planlamas\u0131 Vakf\u0131","description":"","alternateName":"TAP Vakf\u0131","potentialAction":[{"@type":"SearchAction","target":{"@type":"EntryPoint","urlTemplate":"https:\/\/www.tapv.org.tr\/en\/?s={search_term_string}"},"query-input":{"@type":"PropertyValueSpecification","valueRequired":true,"valueName":"search_term_string"}}],"inLanguage":"en-GB"}]}},"_links":{"self":[{"href":"https:\/\/www.tapv.org.tr\/en\/wp-json\/wp\/v2\/pages\/7698","targetHints":{"allow":["GET"]}}],"collection":[{"href":"https:\/\/www.tapv.org.tr\/en\/wp-json\/wp\/v2\/pages"}],"about":[{"href":"https:\/\/www.tapv.org.tr\/en\/wp-json\/wp\/v2\/types\/page"}],"author":[{"embeddable":true,"href":"https:\/\/www.tapv.org.tr\/en\/wp-json\/wp\/v2\/users\/1"}],"replies":[{"embeddable":true,"href":"https:\/\/www.tapv.org.tr\/en\/wp-json\/wp\/v2\/comments?post=7698"}],"version-history":[{"count":2,"href":"https:\/\/www.tapv.org.tr\/en\/wp-json\/wp\/v2\/pages\/7698\/revisions"}],"predecessor-version":[{"id":7703,"href":"https:\/\/www.tapv.org.tr\/en\/wp-json\/wp\/v2\/pages\/7698\/revisions\/7703"}],"wp:featuredmedia":[{"embeddable":true,"href":"https:\/\/www.tapv.org.tr\/en\/wp-json\/wp\/v2\/media\/6551"}],"wp:attachment":[{"href":"https:\/\/www.tapv.org.tr\/en\/wp-json\/wp\/v2\/media?parent=7698"}],"wp:term":[{"taxonomy":"category","embeddable":true,"href":"https:\/\/www.tapv.org.tr\/en\/wp-json\/wp\/v2\/categories?post=7698"},{"taxonomy":"post_tag","embeddable":true,"href":"https:\/\/www.tapv.org.tr\/en\/wp-json\/wp\/v2\/tags?post=7698"}],"curies":[{"name":"wp","href":"https:\/\/api.w.org\/{rel}","templated":true}]}}