{"id":7742,"date":"2025-08-06T23:38:01","date_gmt":"2025-08-06T20:38:01","guid":{"rendered":"https:\/\/tapv.org.tr\/?page_id=7742"},"modified":"2025-08-06T23:38:01","modified_gmt":"2025-08-06T20:38:01","slug":"safe-sexuality-and-youth-studies","status":"publish","type":"page","link":"https:\/\/www.tapv.org.tr\/en\/our-goals\/a-society-empowered-by-health-knowledge-at-every-age\/safe-sexuality-and-youth-studies\/","title":{"rendered":"Safe Sexuality and Youth Studies"},"content":{"rendered":"<div id=\"fws_69df0f4f99166\"  data-column-margin=\"default\" data-midnight=\"dark\" data-top-percent=\"3%\" data-bottom-percent=\"3%\"  class=\"wpb_row vc_row-fluid vc_row full-width-section\"  style=\"padding-top: calc(100vw * 0.03); padding-bottom: calc(100vw * 0.03); \"><div class=\"row-bg-wrap\" data-bg-animation=\"none\" data-bg-animation-delay=\"\" data-bg-overlay=\"false\"><div class=\"inner-wrap row-bg-layer\" ><div class=\"row-bg viewport-desktop\"  style=\"\"><\/div><\/div><\/div><div class=\"row_col_wrap_12 col span_12 dark left\">\n\t<div  class=\"vc_col-sm-12 wpb_column column_container vc_column_container col no-extra-padding inherit_tablet inherit_phone\"  data-padding-pos=\"all\" data-has-bg-color=\"false\" data-bg-color=\"\" data-bg-opacity=\"1\" data-animation=\"\" data-delay=\"0\" >\n\t\t<div class=\"vc_column-inner\" >\n\t\t\t<div class=\"wpb_wrapper\">\n\t\t\t\t<div id=\"fws_69df0f4f993b1\" data-midnight=\"\" data-column-margin=\"default\" class=\"wpb_row vc_row-fluid vc_row inner_row vc_row-o-equal-height vc_row-flex vc_row-o-content-top\"  style=\"\"><div class=\"row-bg-wrap\"> <div class=\"row-bg\" ><\/div> <\/div><div class=\"row_col_wrap_12_inner col span_12  left\">\n\t<div  class=\"vc_col-sm-9 wpb_column column_container vc_column_container col child_column has-animation no-extra-padding inherit_tablet inherit_phone\"   data-padding-pos=\"all\" data-has-bg-color=\"false\" data-bg-color=\"\" data-bg-opacity=\"1\" data-animation=\"fade-in-from-bottom\" data-delay=\"200\" >\n\t\t<div class=\"vc_column-inner\" >\n\t\t<div class=\"wpb_wrapper\">\n\t\t\t\n<div class=\"wpb_text_column wpb_content_element\" >\n\t<h3 data-start=\"97\" data-end=\"112\"><strong>What is it?<\/strong><\/h3>\n<p data-start=\"114\" data-end=\"436\">Safe Sexuality and Youth Studies are awareness-raising and informational efforts that support individuals in maintaining a sexual life that is free from unwanted pregnancies and sexually transmitted infections, and that is free from coercion, violence, and discrimination, without emotional or social harm.<\/p>\n<h3 data-start=\"438\" data-end=\"449\"><strong>Purpose<\/strong><\/h3>\n<p data-start=\"451\" data-end=\"937\">Ensuring that sexuality\u2014a natural part of the human life cycle\u2014is experienced safely is essential both for protecting public health and reducing the burden of disease on healthcare systems, as well as for preventing violence and contributing to social peace. Safe Sexuality and Youth Studies encompass educational, awareness, and counseling initiatives aimed at promoting safe sexuality. In doing so, they support healthy, quality living and gender equality.<\/p>\n<\/div>\n\n\n\n\n\t\t<\/div> \n\t<\/div>\n\t<\/div> \n\n\t<div  class=\"vc_col-sm-3 wpb_column column_container vc_column_container col child_column boxed no-extra-padding inherit_tablet inherit_phone\"   data-padding-pos=\"all\" data-has-bg-color=\"false\" data-bg-color=\"\" data-bg-opacity=\"1\" data-animation=\"\" data-delay=\"0\" >\n\t\t<div class=\"vc_column-inner\" >\n\t\t<div class=\"wpb_wrapper\">\n\t\t\t<div class=\"img-with-aniamtion-wrap center\" data-max-width=\"150%\" data-max-width-mobile=\"default\" data-shadow=\"none\" data-animation=\"fade-in-from-bottom\" >\n      <div class=\"inner\">\n        <div class=\"hover-wrap\" data-hover-animation=\"color-overlay\"> \n          <div class=\"hover-wrap-inner\">\n            <img loading=\"lazy\" decoding=\"async\" class=\"img-with-animation skip-lazy\" data-delay=\"200\" height=\"1080\" width=\"1920\" data-animation=\"fade-in-from-bottom\" src=\"https:\/\/www.tapv.org.tr\/wp-content\/uploads\/2024\/08\/Guvenli-Cinsellik-ve-Genclik-Calismalari.png\" alt=\"\" srcset=\"https:\/\/www.tapv.org.tr\/wp-content\/uploads\/2024\/08\/Guvenli-Cinsellik-ve-Genclik-Calismalari.png 1920w, https:\/\/www.tapv.org.tr\/wp-content\/uploads\/2024\/08\/Guvenli-Cinsellik-ve-Genclik-Calismalari-300x169.png 300w, https:\/\/www.tapv.org.tr\/wp-content\/uploads\/2024\/08\/Guvenli-Cinsellik-ve-Genclik-Calismalari-1024x576.png 1024w, https:\/\/www.tapv.org.tr\/wp-content\/uploads\/2024\/08\/Guvenli-Cinsellik-ve-Genclik-Calismalari-768x432.png 768w, https:\/\/www.tapv.org.tr\/wp-content\/uploads\/2024\/08\/Guvenli-Cinsellik-ve-Genclik-Calismalari-1536x864.png 1536w\" sizes=\"auto, (max-width: 1920px) 100vw, 1920px\" \/>\n          <\/div>\n        <\/div>\n        \n      <\/div>\n    <\/div>\n\t\t<\/div> \n\t<\/div>\n\t<\/div> \n<\/div><\/div>\n\t\t\t<\/div> \n\t\t<\/div>\n\t<\/div> \n<\/div><\/div>\n\t\t<div id=\"fws_69df0f4f9999e\"  data-column-margin=\"default\" data-midnight=\"dark\" data-top-percent=\"3%\" data-bottom-percent=\"3%\"  class=\"wpb_row vc_row-fluid vc_row full-width-section\"  style=\"padding-top: calc(100vw * 0.03); padding-bottom: calc(100vw * 0.03); \"><div class=\"row-bg-wrap\" data-bg-animation=\"none\" data-bg-animation-delay=\"\" data-bg-overlay=\"false\"><div class=\"inner-wrap row-bg-layer\" ><div class=\"row-bg viewport-desktop using-bg-color\"  style=\"background-color: rgba(0,141,188,0.1); \"><\/div><\/div><\/div><div class=\"row_col_wrap_12 col span_12 dark left\">\n\t<div  class=\"vc_col-sm-12 wpb_column column_container vc_column_container col has-animation no-extra-padding inherit_tablet inherit_phone\"  data-padding-pos=\"all\" data-has-bg-color=\"false\" data-bg-color=\"\" data-bg-opacity=\"1\" data-animation=\"fade-in-from-bottom\" data-delay=\"200\" >\n\t\t<div class=\"vc_column-inner\" >\n\t\t\t<div class=\"wpb_wrapper\">\n\t\t\t\t\n<div class=\"wpb_text_column wpb_content_element\" >\n\t<h2>Core Activities<\/h2>\n<\/div>\n\n\n\n<div class=\"toggles  toggles--minimal-shadow\" data-br=\"5px\" data-starting=\"default\" data-style=\"minimal\"><div class=\"toggle default\" data-inner-wrap=\"true\"><h3 class=\"toggle-title\"><a href=\"#\" role=\"button\" class=\"toggle-heading\"><i role=\"presentation\" class=\"fa fa-plus\"><\/i>Awareness, education and information campaigns targeting young people<\/a><\/h3><div><div class=\"inner-toggle-wrap\">\n<div class=\"wpb_text_column wpb_content_element\" >\n\t<p data-start=\"106\" data-end=\"383\">Through booths, seminars, and training activities targeting university students, we support the dissemination of knowledge and the raising of awareness on topics such as sexual and reproductive health, sexual rights, STIs and HIV, prevention, diagnosis, and treatment.<\/p>\n<p data-start=\"385\" data-end=\"573\">In particular, to help protect young people from sexually transmitted infections, we collaborate with universities to organize events as part of HIV Awareness Week on December 1st.<\/p>\n<\/div>\n\n\n\n<\/div><\/div><\/div><div class=\"toggle default\" data-inner-wrap=\"true\"><h3 class=\"toggle-title\"><a href=\"#\" role=\"button\" class=\"toggle-heading\"><i role=\"presentation\" class=\"fa fa-plus\"><\/i>AloOkey Sexual Health and Counseling Hotline<\/a><\/h3><div><div class=\"inner-toggle-wrap\">\n<div class=\"wpb_text_column wpb_content_element\" >\n\t<p data-start=\"93\" data-end=\"490\">The AloOkey Sexual Health and Counseling Hotline has been operating since 2001 with the sponsorship of OKEY Condoms, a joint initiative of Eczac\u0131ba\u015f\u0131 Giri\u015fim. In addition to providing information by phone via the number 444 65 39, the hotline also offers live sexual health counseling, information, and referral services by a specialist on weekdays between 09:00 and 18:00.<\/p>\n<\/div>\n\n\n\n<\/div><\/div><\/div><\/div>\n\t\t\t<\/div> \n\t\t<\/div>\n\t<\/div> \n<\/div><\/div>","protected":false},"excerpt":{"rendered":"What is it? Safe Sexuality and Youth Studies are awareness-raising and informational efforts that support individuals in maintaining a sexual life that is free from unwanted pregnancies and sexually transmitted...","protected":false},"author":1,"featured_media":6351,"parent":7682,"menu_order":3,"comment_status":"closed","ping_status":"closed","template":"","meta":{"footnotes":""},"categories":[355],"tags":[],"class_list":{"0":"post-7742","1":"page","2":"type-page","3":"status-publish","4":"has-post-thumbnail","6":"category-a-society-empowered-by-health-knowledge-at-every-age"},"yoast_head":"<!-- This site is optimized with the Yoast SEO plugin v27.4 - https:\/\/yoast.com\/product\/yoast-seo-wordpress\/ -->\n<title>Safe Sexuality and Youth Studies - Turkish Family Health and Planning Foundation<\/title>\n<meta name=\"robots\" content=\"index, follow, max-snippet:-1, max-image-preview:large, max-video-preview:-1\" \/>\n<link rel=\"canonical\" href=\"https:\/\/www.tapv.org.tr\/en\/our-goals\/a-society-empowered-by-health-knowledge-at-every-age\/safe-sexuality-and-youth-studies\/\" \/>\n<meta property=\"og:locale\" content=\"en_GB\" \/>\n<meta property=\"og:type\" content=\"article\" \/>\n<meta property=\"og:title\" content=\"Safe Sexuality and Youth Studies - Turkish Family Health and Planning Foundation\" \/>\n<meta property=\"og:url\" content=\"https:\/\/www.tapv.org.tr\/en\/our-goals\/a-society-empowered-by-health-knowledge-at-every-age\/safe-sexuality-and-youth-studies\/\" \/>\n<meta property=\"og:site_name\" content=\"Turkish Family Health and Planning Foundation\" \/>\n<meta property=\"article:publisher\" content=\"https:\/\/www.facebook.com\/tapvakfi\" \/>\n<meta property=\"og:image\" content=\"https:\/\/www.tapv.org.tr\/wp-content\/uploads\/2024\/07\/Guvenli-Cinsellik-ve-Genclik-Calismalari.png\" \/>\n\t<meta property=\"og:image:width\" content=\"1920\" \/>\n\t<meta property=\"og:image:height\" content=\"1080\" \/>\n\t<meta property=\"og:image:type\" content=\"image\/png\" \/>\n<meta name=\"twitter:card\" content=\"summary_large_image\" \/>\n<meta name=\"twitter:site\" content=\"@tapvakfi\" \/>\n<script type=\"application\/ld+json\" class=\"yoast-schema-graph\">{\"@context\":\"https:\\\/\\\/schema.org\",\"@graph\":[{\"@type\":\"WebPage\",\"@id\":\"https:\\\/\\\/www.tapv.org.tr\\\/en\\\/our-goals\\\/a-society-empowered-by-health-knowledge-at-every-age\\\/safe-sexuality-and-youth-studies\\\/\",\"url\":\"https:\\\/\\\/www.tapv.org.tr\\\/en\\\/our-goals\\\/a-society-empowered-by-health-knowledge-at-every-age\\\/safe-sexuality-and-youth-studies\\\/\",\"name\":\"Safe Sexuality and Youth Studies - Turkish Family Health and Planning Foundation\",\"isPartOf\":{\"@id\":\"https:\\\/\\\/www.tapv.org.tr\\\/en\\\/#website\"},\"primaryImageOfPage\":{\"@id\":\"https:\\\/\\\/www.tapv.org.tr\\\/en\\\/our-goals\\\/a-society-empowered-by-health-knowledge-at-every-age\\\/safe-sexuality-and-youth-studies\\\/#primaryimage\"},\"image\":{\"@id\":\"https:\\\/\\\/www.tapv.org.tr\\\/en\\\/our-goals\\\/a-society-empowered-by-health-knowledge-at-every-age\\\/safe-sexuality-and-youth-studies\\\/#primaryimage\"},\"thumbnailUrl\":\"https:\\\/\\\/www.tapv.org.tr\\\/wp-content\\\/uploads\\\/2024\\\/07\\\/Guvenli-Cinsellik-ve-Genclik-Calismalari.png\",\"datePublished\":\"2025-08-06T20:38:01+00:00\",\"breadcrumb\":{\"@id\":\"https:\\\/\\\/www.tapv.org.tr\\\/en\\\/our-goals\\\/a-society-empowered-by-health-knowledge-at-every-age\\\/safe-sexuality-and-youth-studies\\\/#breadcrumb\"},\"inLanguage\":\"en-GB\",\"potentialAction\":[{\"@type\":\"ReadAction\",\"target\":[\"https:\\\/\\\/www.tapv.org.tr\\\/en\\\/our-goals\\\/a-society-empowered-by-health-knowledge-at-every-age\\\/safe-sexuality-and-youth-studies\\\/\"]}]},{\"@type\":\"ImageObject\",\"inLanguage\":\"en-GB\",\"@id\":\"https:\\\/\\\/www.tapv.org.tr\\\/en\\\/our-goals\\\/a-society-empowered-by-health-knowledge-at-every-age\\\/safe-sexuality-and-youth-studies\\\/#primaryimage\",\"url\":\"https:\\\/\\\/www.tapv.org.tr\\\/wp-content\\\/uploads\\\/2024\\\/07\\\/Guvenli-Cinsellik-ve-Genclik-Calismalari.png\",\"contentUrl\":\"https:\\\/\\\/www.tapv.org.tr\\\/wp-content\\\/uploads\\\/2024\\\/07\\\/Guvenli-Cinsellik-ve-Genclik-Calismalari.png\",\"width\":1920,\"height\":1080},{\"@type\":\"BreadcrumbList\",\"@id\":\"https:\\\/\\\/www.tapv.org.tr\\\/en\\\/our-goals\\\/a-society-empowered-by-health-knowledge-at-every-age\\\/safe-sexuality-and-youth-studies\\\/#breadcrumb\",\"itemListElement\":[{\"@type\":\"ListItem\",\"position\":1,\"name\":\"Ana sayfa\",\"item\":\"https:\\\/\\\/www.tapv.org.tr\\\/en\\\/home\\\/\"},{\"@type\":\"ListItem\",\"position\":2,\"name\":\"Our Goals\",\"item\":\"https:\\\/\\\/www.tapv.org.tr\\\/en\\\/our-goals\\\/\"},{\"@type\":\"ListItem\",\"position\":3,\"name\":\"A Society Empowered by Health Knowledge at Every Age\",\"item\":\"https:\\\/\\\/www.tapv.org.tr\\\/en\\\/our-goals\\\/a-society-empowered-by-health-knowledge-at-every-age\\\/\"},{\"@type\":\"ListItem\",\"position\":4,\"name\":\"Safe Sexuality and Youth Studies\"}]},{\"@type\":\"WebSite\",\"@id\":\"https:\\\/\\\/www.tapv.org.tr\\\/en\\\/#website\",\"url\":\"https:\\\/\\\/www.tapv.org.tr\\\/en\\\/\",\"name\":\"TAP Vakf\u0131 | T\u00fcrkiye Aile Sa\u011fl\u0131\u011f\u0131 ve Planlamas\u0131 Vakf\u0131\",\"description\":\"\",\"alternateName\":\"TAP Vakf\u0131\",\"potentialAction\":[{\"@type\":\"SearchAction\",\"target\":{\"@type\":\"EntryPoint\",\"urlTemplate\":\"https:\\\/\\\/www.tapv.org.tr\\\/en\\\/?s={search_term_string}\"},\"query-input\":{\"@type\":\"PropertyValueSpecification\",\"valueRequired\":true,\"valueName\":\"search_term_string\"}}],\"inLanguage\":\"en-GB\"}]}<\/script>\n<!-- \/ Yoast SEO plugin. -->","yoast_head_json":{"title":"Safe Sexuality and Youth Studies - Turkish Family Health and Planning Foundation","robots":{"index":"index","follow":"follow","max-snippet":"max-snippet:-1","max-image-preview":"max-image-preview:large","max-video-preview":"max-video-preview:-1"},"canonical":"https:\/\/www.tapv.org.tr\/en\/our-goals\/a-society-empowered-by-health-knowledge-at-every-age\/safe-sexuality-and-youth-studies\/","og_locale":"en_GB","og_type":"article","og_title":"Safe Sexuality and Youth Studies - Turkish Family Health and Planning Foundation","og_url":"https:\/\/www.tapv.org.tr\/en\/our-goals\/a-society-empowered-by-health-knowledge-at-every-age\/safe-sexuality-and-youth-studies\/","og_site_name":"Turkish Family Health and Planning Foundation","article_publisher":"https:\/\/www.facebook.com\/tapvakfi","og_image":[{"width":1920,"height":1080,"url":"https:\/\/www.tapv.org.tr\/wp-content\/uploads\/2024\/07\/Guvenli-Cinsellik-ve-Genclik-Calismalari.png","type":"image\/png"}],"twitter_card":"summary_large_image","twitter_site":"@tapvakfi","schema":{"@context":"https:\/\/schema.org","@graph":[{"@type":"WebPage","@id":"https:\/\/www.tapv.org.tr\/en\/our-goals\/a-society-empowered-by-health-knowledge-at-every-age\/safe-sexuality-and-youth-studies\/","url":"https:\/\/www.tapv.org.tr\/en\/our-goals\/a-society-empowered-by-health-knowledge-at-every-age\/safe-sexuality-and-youth-studies\/","name":"Safe Sexuality and Youth Studies - Turkish Family Health and Planning Foundation","isPartOf":{"@id":"https:\/\/www.tapv.org.tr\/en\/#website"},"primaryImageOfPage":{"@id":"https:\/\/www.tapv.org.tr\/en\/our-goals\/a-society-empowered-by-health-knowledge-at-every-age\/safe-sexuality-and-youth-studies\/#primaryimage"},"image":{"@id":"https:\/\/www.tapv.org.tr\/en\/our-goals\/a-society-empowered-by-health-knowledge-at-every-age\/safe-sexuality-and-youth-studies\/#primaryimage"},"thumbnailUrl":"https:\/\/www.tapv.org.tr\/wp-content\/uploads\/2024\/07\/Guvenli-Cinsellik-ve-Genclik-Calismalari.png","datePublished":"2025-08-06T20:38:01+00:00","breadcrumb":{"@id":"https:\/\/www.tapv.org.tr\/en\/our-goals\/a-society-empowered-by-health-knowledge-at-every-age\/safe-sexuality-and-youth-studies\/#breadcrumb"},"inLanguage":"en-GB","potentialAction":[{"@type":"ReadAction","target":["https:\/\/www.tapv.org.tr\/en\/our-goals\/a-society-empowered-by-health-knowledge-at-every-age\/safe-sexuality-and-youth-studies\/"]}]},{"@type":"ImageObject","inLanguage":"en-GB","@id":"https:\/\/www.tapv.org.tr\/en\/our-goals\/a-society-empowered-by-health-knowledge-at-every-age\/safe-sexuality-and-youth-studies\/#primaryimage","url":"https:\/\/www.tapv.org.tr\/wp-content\/uploads\/2024\/07\/Guvenli-Cinsellik-ve-Genclik-Calismalari.png","contentUrl":"https:\/\/www.tapv.org.tr\/wp-content\/uploads\/2024\/07\/Guvenli-Cinsellik-ve-Genclik-Calismalari.png","width":1920,"height":1080},{"@type":"BreadcrumbList","@id":"https:\/\/www.tapv.org.tr\/en\/our-goals\/a-society-empowered-by-health-knowledge-at-every-age\/safe-sexuality-and-youth-studies\/#breadcrumb","itemListElement":[{"@type":"ListItem","position":1,"name":"Ana sayfa","item":"https:\/\/www.tapv.org.tr\/en\/home\/"},{"@type":"ListItem","position":2,"name":"Our Goals","item":"https:\/\/www.tapv.org.tr\/en\/our-goals\/"},{"@type":"ListItem","position":3,"name":"A Society Empowered by Health Knowledge at Every Age","item":"https:\/\/www.tapv.org.tr\/en\/our-goals\/a-society-empowered-by-health-knowledge-at-every-age\/"},{"@type":"ListItem","position":4,"name":"Safe Sexuality and Youth Studies"}]},{"@type":"WebSite","@id":"https:\/\/www.tapv.org.tr\/en\/#website","url":"https:\/\/www.tapv.org.tr\/en\/","name":"TAP Vakf\u0131 | T\u00fcrkiye Aile Sa\u011fl\u0131\u011f\u0131 ve Planlamas\u0131 Vakf\u0131","description":"","alternateName":"TAP Vakf\u0131","potentialAction":[{"@type":"SearchAction","target":{"@type":"EntryPoint","urlTemplate":"https:\/\/www.tapv.org.tr\/en\/?s={search_term_string}"},"query-input":{"@type":"PropertyValueSpecification","valueRequired":true,"valueName":"search_term_string"}}],"inLanguage":"en-GB"}]}},"_links":{"self":[{"href":"https:\/\/www.tapv.org.tr\/en\/wp-json\/wp\/v2\/pages\/7742","targetHints":{"allow":["GET"]}}],"collection":[{"href":"https:\/\/www.tapv.org.tr\/en\/wp-json\/wp\/v2\/pages"}],"about":[{"href":"https:\/\/www.tapv.org.tr\/en\/wp-json\/wp\/v2\/types\/page"}],"author":[{"embeddable":true,"href":"https:\/\/www.tapv.org.tr\/en\/wp-json\/wp\/v2\/users\/1"}],"replies":[{"embeddable":true,"href":"https:\/\/www.tapv.org.tr\/en\/wp-json\/wp\/v2\/comments?post=7742"}],"version-history":[{"count":1,"href":"https:\/\/www.tapv.org.tr\/en\/wp-json\/wp\/v2\/pages\/7742\/revisions"}],"predecessor-version":[{"id":7749,"href":"https:\/\/www.tapv.org.tr\/en\/wp-json\/wp\/v2\/pages\/7742\/revisions\/7749"}],"up":[{"embeddable":true,"href":"https:\/\/www.tapv.org.tr\/en\/wp-json\/wp\/v2\/pages\/7682"}],"wp:featuredmedia":[{"embeddable":true,"href":"https:\/\/www.tapv.org.tr\/en\/wp-json\/wp\/v2\/media\/6351"}],"wp:attachment":[{"href":"https:\/\/www.tapv.org.tr\/en\/wp-json\/wp\/v2\/media?parent=7742"}],"wp:term":[{"taxonomy":"category","embeddable":true,"href":"https:\/\/www.tapv.org.tr\/en\/wp-json\/wp\/v2\/categories?post=7742"},{"taxonomy":"post_tag","embeddable":true,"href":"https:\/\/www.tapv.org.tr\/en\/wp-json\/wp\/v2\/tags?post=7742"}],"curies":[{"name":"wp","href":"https:\/\/api.w.org\/{rel}","templated":true}]}}